{"id":15553,"date":"2023-10-12T05:58:28","date_gmt":"2023-10-12T05:58:28","guid":{"rendered":"https:\/\/drkaya.net\/?page_id=15553"},"modified":"2024-05-09T22:37:50","modified_gmt":"2024-05-09T22:37:50","slug":"cookie-richtlinie","status":"publish","type":"page","link":"https:\/\/drkaya.net\/de\/cookie-richtlinie\/","title":{"rendered":"Cookie-Richtlinie"},"content":{"rendered":"\t\t<div data-elementor-type=\"wp-page\" data-elementor-id=\"15553\" class=\"elementor elementor-15553 elementor-13833\">\n\t\t\t\t\t\t<section class=\"elementor-section elementor-top-section elementor-element elementor-element-b73a18f elementor-section-stretched elementor-section-content-middle elementor-section-boxed elementor-section-height-default elementor-section-height-default\" data-id=\"b73a18f\" data-element_type=\"section\" data-settings=\"{&quot;stretch_section&quot;:&quot;section-stretched&quot;,&quot;background_background&quot;:&quot;classic&quot;}\">\n\t\t\t\t\t\t\t<div class=\"elementor-background-overlay\"><\/div>\n\t\t\t\t\t\t\t<div class=\"elementor-container elementor-column-gap-default\">\n\t\t\t\t\t<div class=\"elementor-column elementor-col-100 elementor-top-column elementor-element elementor-element-bc898ed\" data-id=\"bc898ed\" data-element_type=\"column\">\n\t\t\t<div class=\"elementor-widget-wrap elementor-element-populated\">\n\t\t\t\t\t\t<div class=\"elementor-element elementor-element-8d55e30 elementor-widget__width-initial elementor-widget elementor-widget-heading\" data-id=\"8d55e30\" data-element_type=\"widget\" data-widget_type=\"heading.default\">\n\t\t\t\t<div class=\"elementor-widget-container\">\n\t\t\t<style>\/*! elementor - v3.19.0 - 29-01-2024 *\/\n.elementor-heading-title{padding:0;margin:0;line-height:1}.elementor-widget-heading .elementor-heading-title[class*=elementor-size-]>a{color:inherit;font-size:inherit;line-height:inherit}.elementor-widget-heading .elementor-heading-title.elementor-size-small{font-size:15px}.elementor-widget-heading .elementor-heading-title.elementor-size-medium{font-size:19px}.elementor-widget-heading .elementor-heading-title.elementor-size-large{font-size:29px}.elementor-widget-heading .elementor-heading-title.elementor-size-xl{font-size:39px}.elementor-widget-heading .elementor-heading-title.elementor-size-xxl{font-size:59px}<\/style><h1 class=\"elementor-heading-title elementor-size-default\">Cookie-Richtlinie<\/h1>\t\t<\/div>\n\t\t\t\t<\/div>\n\t\t\t\t\t<\/div>\n\t\t<\/div>\n\t\t\t\t\t<\/div>\n\t\t<\/section>\n\t\t\t\t<section class=\"elementor-section elementor-top-section elementor-element elementor-element-23393079 elementor-section-content-middle elementor-section-full_width elementor-section-stretched elementor-section-height-default elementor-section-height-default\" data-id=\"23393079\" data-element_type=\"section\" data-settings=\"{&quot;stretch_section&quot;:&quot;section-stretched&quot;,&quot;background_background&quot;:&quot;classic&quot;}\">\n\t\t\t\t\t\t<div class=\"elementor-container elementor-column-gap-default\">\n\t\t\t\t\t<div class=\"elementor-column elementor-col-100 elementor-top-column elementor-element elementor-element-6d06ffd0\" data-id=\"6d06ffd0\" data-element_type=\"column\">\n\t\t\t<div class=\"elementor-widget-wrap elementor-element-populated\">\n\t\t\t\t\t\t<section class=\"elementor-section elementor-inner-section elementor-element elementor-element-3ae9e114 elementor-section-content-middle elementor-section-boxed elementor-section-height-default elementor-section-height-default\" data-id=\"3ae9e114\" data-element_type=\"section\">\n\t\t\t\t\t\t<div class=\"elementor-container elementor-column-gap-no\">\n\t\t\t\t\t<div class=\"elementor-column elementor-col-100 elementor-inner-column elementor-element elementor-element-2a08b909\" data-id=\"2a08b909\" data-element_type=\"column\">\n\t\t\t<div class=\"elementor-widget-wrap elementor-element-populated\">\n\t\t\t\t\t\t<div class=\"elementor-element elementor-element-6a3da2d7 elementor-widget elementor-widget-heading\" data-id=\"6a3da2d7\" data-element_type=\"widget\" data-widget_type=\"heading.default\">\n\t\t\t\t<div class=\"elementor-widget-container\">\n\t\t\t<h2 class=\"elementor-heading-title elementor-size-default\"><p align=\"center\" style=\"margin-bottom: 5pt; background-image: initial; background-position: initial; background-size: initial; background-repeat: initial; background-attachment: initial; background-origin: initial; background-clip: initial;\"><font color=\"#535353\" face=\"Arial Narrow, sans-serif\"><span style=\"white-space-collapse: collapse;\"><b>DRKAYA HAARBEHANDLUNGSKLINIK<\/b><\/span><\/font><\/p><p align=\"center\" style=\"margin-bottom: 5pt; background-image: initial; background-position: initial; background-size: initial; background-repeat: initial; background-attachment: initial; background-origin: initial; background-clip: initial;\"><font color=\"#535353\" face=\"Arial Narrow, sans-serif\"><span style=\"white-space-collapse: collapse;\"><b>&nbsp; Cookie-Richtlinie<\/b><\/span><\/font><\/p><\/h2>\t\t<\/div>\n\t\t\t\t<\/div>\n\t\t\t\t<div class=\"elementor-element elementor-element-52dfe33d elementor-widget__width-initial elementor-widget elementor-widget-text-editor\" data-id=\"52dfe33d\" data-element_type=\"widget\" data-widget_type=\"text-editor.default\">\n\t\t\t\t<div class=\"elementor-widget-container\">\n\t\t\t<style>\/*! elementor - v3.19.0 - 29-01-2024 *\/\n.elementor-widget-text-editor.elementor-drop-cap-view-stacked .elementor-drop-cap{background-color:#69727d;color:#fff}.elementor-widget-text-editor.elementor-drop-cap-view-framed .elementor-drop-cap{color:#69727d;border:3px solid;background-color:transparent}.elementor-widget-text-editor:not(.elementor-drop-cap-view-default) .elementor-drop-cap{margin-top:8px}.elementor-widget-text-editor:not(.elementor-drop-cap-view-default) .elementor-drop-cap-letter{width:1em;height:1em}.elementor-widget-text-editor .elementor-drop-cap{float:left;text-align:center;line-height:1;font-size:50px}.elementor-widget-text-editor .elementor-drop-cap-letter{display:inline-block}<\/style>\t\t\t\t<p>Ein Cookie ist eine kleine Textdatei, die Daten \u00fcber Ihre Navigation auf einer Website sammelt. und auf Ihrem PC, Telefon oder einem anderen Ger\u00e4t speichert.<\/p><p>Zweck der Cookie-Richtlinie; Um das ordnungsgem\u00e4\u00dfe Funktionieren einer Website sicherzustellen, um die Benutzererfahrung zu verbessern, um die Website weiterzuentwickeln und zu optimieren, um passendere, interessenbezogene Werbung bereitzustellen, um den Besuchern eine interessante und personalisierte Website\/Anwendung und ein Werbeportfolio anzubieten. Das Cookie wird auch verwendet, um Ihre Pr\u00e4ferenzen (Sprache, Land usw.) w\u00e4hrend Ihres Besuchs auf unserer Website und bei zuk\u00fcnftigen Besuchen zu speichern.<\/p><p>Gem\u00e4\u00df dieser Richtlinie werden \u201eCookies\u201c, die von der Website www.drkaya.net als Hauptmethode zur Informationsspeicherung verwendet werden, und der Bereich \u201eLokaler Speicher\u201c des Browsers f\u00fcr denselben Zweck verwendet. Alle in diesem Abschnitt enthaltenen Informationen gelten auch f\u00fcr die oben genannte \u201eLokale Speicherung\u201c. In den von uns verwendeten Cookies speichern wir keine sensiblen pers\u00f6nlichen Daten wie Ihre Adresse, Ihr Passwort, Ihre Kredit- oder Debitkarteninformationen.<\/p><p>Das Recht, die Verwendung von Cookies auf der Website zu unterlassen<\/p><p>\u00a0<\/p><p>Wenn Sie unter Ber\u00fccksichtigung der oben erl\u00e4uterten Einschr\u00e4nkungen keine Cookies auf der Website www.drkaya.net verwenden m\u00f6chten, m\u00fcssen Sie zun\u00e4chst die Verwendung von Cookies in Ihrem Browser deaktivieren und dann die in Ihrem Browser gespeicherten Cookies l\u00f6schen, die mit der Website verkn\u00fcpft sind. Mit dieser M\u00f6glichkeit k\u00f6nnen Sie jederzeit die Verwendung von Cookies verhindern.<\/p><p>Deaktivierung der Verwendung von Cookies<\/p><p>\u00a0<\/p><p>Durch Befolgen der oben genannten Schritte k\u00f6nnen Sie jederzeit die Einstellungen Ihres Browsers \u00e4ndern und die auf www.drkaya.net verwendeten Cookies einschr\u00e4nken, blockieren oder l\u00f6schen. Obwohl die Einstellungen in jedem Browser unterschiedlich sind, befinden sich Cookies normalerweise im Men\u00fc \u201eEinstellungen\u201c oder \u201eExtras\u201c. Weitere Informationen zum Setzen von Cookies in Ihrem Browser finden Sie im Men\u00fc \u201eHilfe\u201c des Browsers.<\/p><p>In Bezug auf Cookies kann die DRKAYA Hair Treatments Clinic Informationen \u00fcber die Nutzung der Plattform durch ihre Besucher erhalten, indem sie Cookies verwendet, bei denen es sich um eine technische Kommunikationsdatei handelt, und kann die Daten in diesem Rahmen und zum Zweck der Verarbeitung in diesem Rahmen verarbeiten von Analysediensten Dritter nur in dem f\u00fcr diese Analysedienste erforderlichen Umfang. kann den Menschen mitgeteilt werden. Bei den technischen Kommunikationsdateien handelt es sich um kleine Textdateien, die die Website an den Browser des Benutzers sendet, um sie im Hauptspeicher zu speichern. Die technische Kommunikationsdatei erleichtert die Nutzung des Internets, indem sie den Status und die Pr\u00e4ferenzeinstellungen einer Website speichert. Die technische Kommunikationsdatei wird verwendet, um statistische Informationen dar\u00fcber zu erhalten, wie viele Personen die Plattform im zeitlichen Verh\u00e4ltnis nutzen, zu welchem Zweck, wie oft eine Person die Plattform besucht und wie lange sie dort verweilt, und um die dynamische Erstellung von Werbeanzeigen und Inhalten aus speziell entwickelten Inhalten zu unterst\u00fctzen Benutzerseiten f\u00fcr Benutzer. Es ist f\u00fcr diese Zwecke konzipiert und verwendet. Die technische Kommunikationsdatei ist nicht dazu bestimmt, sonstige personenbezogene Daten aus dem Arbeitsspeicher abzurufen. Die meisten Browser sind zun\u00e4chst f\u00fcr die Annahme technischer Kommunikationsdateien ausgelegt. Benutzer k\u00f6nnen ihre Browsereinstellungen jedoch jederzeit wie oben erw\u00e4hnt \u00e4ndern, sodass die technische Kommunikationsdatei nicht empfangen wird oder eine Warnung ausgegeben wird, wenn die technische Kommunikationsdatei gesendet wird. DRKAYA Hair Treatments Clinic kann bei Bedarf die IP-Adresse der Benutzer erkennen und nutzen, um systembedingte Probleme zu erkennen und diese umgehend zu l\u00f6sen. IP-Adressen k\u00f6nnen auch zur allgemeinen Identifizierung von Benutzern und zur Erfassung umfassender demografischer Informationen verwendet werden.<\/p>\t\t\t\t\t\t<\/div>\n\t\t\t\t<\/div>\n\t\t\t\t\t<\/div>\n\t\t<\/div>\n\t\t\t\t\t<\/div>\n\t\t<\/section>\n\t\t\t\t\t<\/div>\n\t\t<\/div>\n\t\t\t\t\t<\/div>\n\t\t<\/section>\n\t\t\t\t<\/div>\n\t\t","protected":false},"excerpt":{"rendered":"<p>Cookie-Richtlinie DRKAYA HAARBEHANDLUNGSKLINIK &nbsp; Cookie-Richtlinie Ein Cookie ist eine kleine Textdatei, die Daten \u00fcber Ihre Navigation auf einer Website sammelt. und auf Ihrem PC, Telefon oder einem anderen Ger\u00e4t speichert. Zweck der Cookie-Richtlinie; Um das ordnungsgem\u00e4\u00dfe Funktionieren einer Website sicherzustellen, um die Benutzererfahrung zu verbessern, um die Website weiterzuentwickeln und zu optimieren, um passendere, interessenbezogene [&hellip;]<\/p>\n","protected":false},"author":1,"featured_media":0,"parent":0,"menu_order":0,"comment_status":"closed","ping_status":"closed","template":"","meta":{"footnotes":""},"class_list":["post-15553","page","type-page","status-publish","hentry"],"aioseo_notices":[],"_links":{"self":[{"href":"https:\/\/drkaya.net\/de\/wp-json\/wp\/v2\/pages\/15553","targetHints":{"allow":["GET"]}}],"collection":[{"href":"https:\/\/drkaya.net\/de\/wp-json\/wp\/v2\/pages"}],"about":[{"href":"https:\/\/drkaya.net\/de\/wp-json\/wp\/v2\/types\/page"}],"author":[{"embeddable":true,"href":"https:\/\/drkaya.net\/de\/wp-json\/wp\/v2\/users\/1"}],"replies":[{"embeddable":true,"href":"https:\/\/drkaya.net\/de\/wp-json\/wp\/v2\/comments?post=15553"}],"version-history":[{"count":5,"href":"https:\/\/drkaya.net\/de\/wp-json\/wp\/v2\/pages\/15553\/revisions"}],"predecessor-version":[{"id":15564,"href":"https:\/\/drkaya.net\/de\/wp-json\/wp\/v2\/pages\/15553\/revisions\/15564"}],"wp:attachment":[{"href":"https:\/\/drkaya.net\/de\/wp-json\/wp\/v2\/media?parent=15553"}],"curies":[{"name":"wp","href":"https:\/\/api.w.org\/{rel}","templated":true}]}}