{"id":15683,"date":"2023-09-21T12:40:49","date_gmt":"2023-09-21T12:40:49","guid":{"rendered":"https:\/\/drkaya.net\/?page_id=15683"},"modified":"2024-05-10T01:03:27","modified_gmt":"2024-05-10T01:03:27","slug":"informationstext-zum-datenschutzgesetz","status":"publish","type":"page","link":"https:\/\/drkaya.net\/de\/informationstext-zum-datenschutzgesetz\/","title":{"rendered":"Informationstext Zum Datenschutzgesetz"},"content":{"rendered":"\t\t<div data-elementor-type=\"wp-page\" data-elementor-id=\"15683\" class=\"elementor elementor-15683 elementor-13791\">\n\t\t\t\t\t\t<section class=\"elementor-section elementor-top-section elementor-element elementor-element-b73a18f elementor-section-stretched elementor-section-content-middle elementor-section-boxed elementor-section-height-default elementor-section-height-default\" data-id=\"b73a18f\" data-element_type=\"section\" data-settings=\"{&quot;stretch_section&quot;:&quot;section-stretched&quot;,&quot;background_background&quot;:&quot;classic&quot;}\">\n\t\t\t\t\t\t\t<div class=\"elementor-background-overlay\"><\/div>\n\t\t\t\t\t\t\t<div class=\"elementor-container elementor-column-gap-default\">\n\t\t\t\t\t<div class=\"elementor-column elementor-col-100 elementor-top-column elementor-element elementor-element-bc898ed\" data-id=\"bc898ed\" data-element_type=\"column\">\n\t\t\t<div class=\"elementor-widget-wrap elementor-element-populated\">\n\t\t\t\t\t\t<div class=\"elementor-element elementor-element-8d55e30 elementor-widget__width-initial elementor-widget elementor-widget-heading\" data-id=\"8d55e30\" data-element_type=\"widget\" data-widget_type=\"heading.default\">\n\t\t\t\t<div class=\"elementor-widget-container\">\n\t\t\t<style>\/*! elementor - v3.19.0 - 29-01-2024 *\/\n.elementor-heading-title{padding:0;margin:0;line-height:1}.elementor-widget-heading .elementor-heading-title[class*=elementor-size-]>a{color:inherit;font-size:inherit;line-height:inherit}.elementor-widget-heading .elementor-heading-title.elementor-size-small{font-size:15px}.elementor-widget-heading .elementor-heading-title.elementor-size-medium{font-size:19px}.elementor-widget-heading .elementor-heading-title.elementor-size-large{font-size:29px}.elementor-widget-heading .elementor-heading-title.elementor-size-xl{font-size:39px}.elementor-widget-heading .elementor-heading-title.elementor-size-xxl{font-size:59px}<\/style><h1 class=\"elementor-heading-title elementor-size-default\">Schutz Personenbezogener Daten<\/h1>\t\t<\/div>\n\t\t\t\t<\/div>\n\t\t\t\t\t<\/div>\n\t\t<\/div>\n\t\t\t\t\t<\/div>\n\t\t<\/section>\n\t\t\t\t<section class=\"elementor-section elementor-top-section elementor-element elementor-element-23393079 elementor-section-content-middle elementor-section-full_width elementor-section-stretched elementor-section-height-default elementor-section-height-default\" data-id=\"23393079\" data-element_type=\"section\" data-settings=\"{&quot;stretch_section&quot;:&quot;section-stretched&quot;,&quot;background_background&quot;:&quot;classic&quot;}\">\n\t\t\t\t\t\t<div class=\"elementor-container elementor-column-gap-default\">\n\t\t\t\t\t<div class=\"elementor-column elementor-col-100 elementor-top-column elementor-element elementor-element-6d06ffd0\" data-id=\"6d06ffd0\" data-element_type=\"column\">\n\t\t\t<div class=\"elementor-widget-wrap elementor-element-populated\">\n\t\t\t\t\t\t<section class=\"elementor-section elementor-inner-section elementor-element elementor-element-3ae9e114 elementor-section-content-middle elementor-section-boxed elementor-section-height-default elementor-section-height-default\" data-id=\"3ae9e114\" data-element_type=\"section\">\n\t\t\t\t\t\t<div class=\"elementor-container elementor-column-gap-no\">\n\t\t\t\t\t<div class=\"elementor-column elementor-col-100 elementor-inner-column elementor-element elementor-element-2a08b909\" data-id=\"2a08b909\" data-element_type=\"column\">\n\t\t\t<div class=\"elementor-widget-wrap elementor-element-populated\">\n\t\t\t\t\t\t<div class=\"elementor-element elementor-element-6a3da2d7 elementor-widget elementor-widget-heading\" data-id=\"6a3da2d7\" data-element_type=\"widget\" data-widget_type=\"heading.default\">\n\t\t\t\t<div class=\"elementor-widget-container\">\n\t\t\t<h2 class=\"elementor-heading-title elementor-size-default\">Informationstext zum Datenschutzrecht<\/h2>\t\t<\/div>\n\t\t\t\t<\/div>\n\t\t\t\t<div class=\"elementor-element elementor-element-52dfe33d elementor-widget__width-initial elementor-widget elementor-widget-text-editor\" data-id=\"52dfe33d\" data-element_type=\"widget\" data-widget_type=\"text-editor.default\">\n\t\t\t\t<div class=\"elementor-widget-container\">\n\t\t\t<style>\/*! elementor - v3.19.0 - 29-01-2024 *\/\n.elementor-widget-text-editor.elementor-drop-cap-view-stacked .elementor-drop-cap{background-color:#69727d;color:#fff}.elementor-widget-text-editor.elementor-drop-cap-view-framed .elementor-drop-cap{color:#69727d;border:3px solid;background-color:transparent}.elementor-widget-text-editor:not(.elementor-drop-cap-view-default) .elementor-drop-cap{margin-top:8px}.elementor-widget-text-editor:not(.elementor-drop-cap-view-default) .elementor-drop-cap-letter{width:1em;height:1em}.elementor-widget-text-editor .elementor-drop-cap{float:left;text-align:center;line-height:1;font-size:50px}.elementor-widget-text-editor .elementor-drop-cap-letter{display:inline-block}<\/style>\t\t\t\t<div data-id=\"18d07137\" data-element_type=\"widget\" data-widget_type=\"heading.default\">\n<p><strong>BESCHREIBUNG<\/strong><\/p>\n<p>Wie in diesem Aufkl\u00e4rungsdokument erw\u00e4hnt, deuten diese Beschreibungen darauf hin.<\/p>\n<p><strong>Personenbezogene Daten:<\/strong> Alle Informationen, die sich auf eine identifizierte oder identifizierbare nat\u00fcrliche Person beziehen.<\/p>\n<p><strong>Gesetz zum Schutz personenbezogener Daten in T\u00fcrkischen Initialen (&#8222;KVKK&#8220;):<\/strong> Gesetz Nr. 6698 zum Schutz personenbezogener Daten, das nach Ver\u00f6ffentlichung im Amtsblatt am 7. April 2016 in Kraft trat.<\/p>\n<p><strong>DRKAYA Haarbehandlungsklinik:<\/strong> DRKAYA Haarbehandlungsklinik mit Sitz in Atak\u00f6y 7-8-9-10 Mah. Karanfil Sokak 8\/D Nr. 50 Bak\u0131rk\u00f6y \u0130stanbul T\u00fcrkei.<\/p>\n<p><strong>Datenverarbeiter:<\/strong> Die nat\u00fcrliche oder juristische Person, die personenbezogene Daten im Auftrag des Datenverantwortlichen verarbeitet, basierend auf der vom Datenverantwortlichen erteilten Befugnis.<\/p>\n<p><strong>Datenverantwortlicher:<\/strong> Die nat\u00fcrliche oder juristische Person, die die Zwecke und Mittel der Verarbeitung personenbezogener Daten bestimmt und f\u00fcr die Einrichtung und Verwaltung des Datenaufzeichnungssystems verantwortlich ist.<\/p>\n<p><strong>Datenverantwortlicher:<\/strong> Ihre personenbezogenen Daten, die Sie als Adressat, Patient, Kunde gem\u00e4\u00df KVKK weitergeben; von \u201eDRKAYA juristische Person\u201c, die als Datenverantwortlicher bestimmt wird, werden im unten angegebenen Umfang ausgewertet.<\/p>\n<p><strong>Zweck der Verarbeitung personenbezogener Daten:<\/strong> Ihre personenbezogenen Daten gem\u00e4\u00df Artikel 4, 5 und 6 KVKK.<\/p>\n<ul>\n<li>Einhaltung der Gesetze und Ehrlichkeitsregeln<\/li>\n<li>Pr\u00e4zise und bei Bedarf auf dem neuesten Stand<\/li>\n<li>F\u00fcr spezifische, explizite und legitime Zwecke<\/li>\n<li>Relevant, begrenzt und eingeschr\u00e4nkt f\u00fcr den Zweck, f\u00fcr den sie verarbeitet werden<\/li>\n<li>Die Speicherung erfolgt f\u00fcr den gesetzlich vorgeschriebenen Zeitraum bzw. f\u00fcr den Zweck, f\u00fcr den sie verarbeitet werden.<\/li>\n<\/ul>\n<p>Die Verarbeitung erfolgt gem\u00e4\u00df den oben genannten Regeln im Zusammenhang mit den folgenden Aktivit\u00e4ten von DRKAYA.<\/p>\n<p><strong>Aktivit\u00e4ten der DRKAYA Haarbehandlungsklinik.<\/strong><\/p>\n<ul>\n<li>\n<p>Errichtung und Betrieb privater Krankenh\u00e4user, Polikliniken, Apotheken, Labors, Haartransplantationszentren, Gesundheitszentren und -einrichtungen, Gesundheitskabinen, Entbindungsheime, zahn\u00e4rztliche (Mundgesundheit) und prothetische Behandlungszentren zur Bereitstellung aller Arten von Gesundheitsdienstleistungen.<\/p>\n<\/li>\n<li>\n<p>Er\u00f6ffnung von Diagnose- und Behandlungszentren, Physiotherapie- und Rehabilitationseinheiten innerhalb des Krankenhauses, die der menschlichen Gesundheit dienen, Einrichtung und Betrieb von Kontrollzentren.<\/p>\n<\/li>\n<li>\n<p>Die Erbringung medizinischer Hilfs-, Untersuchungs-, Gesundheits- und Sanit\u00e4tsdienstleistungen aller Art sowie die Sicherstellung deren Organisation. Einen Spezialisten auf diesem Gebiet einstellen.<\/p>\n<\/li>\n<li>\n<p>Tomographie, Computertomographie und Szintigraphie, Messung der Knochendichte, Mammographie, alle R\u00f6ntgenaufnahmen, MRT, Echoaufnahmen, Ultraschall und Doppler, Magnetresonanztomographie, alle Endoskopien, radioaktive Materialien und Materialien, sofern die erforderliche Genehmigung von offiziellen Institutionen eingeholt wird . um alle Arten von medizinischen Diagnosen, Untersuchungen und Analysen durchzuf\u00fchren.<\/p>\n<\/li>\n<li>\n<p>Errichtung, Betrieb und Vermietung von Einrichtungen f\u00fcr Physiotherapie, Onkologie, H\u00e4modialyse und medizinische Rehabilitation.<\/p>\n<\/li>\n<li>\n<p>Errichtung und Betrieb medizinischer Analyselabore. Errichtung und Betrieb privater Krankenh\u00e4user aller Art, station\u00e4rer Diagnose- und Behandlungszentren, Dentallabore und Forschungslabore, Kliniken und Polikliniken im Zusammenhang mit der Mund- und Zahngesundheit sowie die Vermietung der in diesem Zusammenhang errichteten Einrichtungen.<\/p>\n<\/li>\n<li>\n<p>Vereinbarungen mit Unternehmen im Ausland f\u00fcr Diagnose und Behandlung zu treffen, Vertretungen zu erteilen und zu empfangen, Agenturen zu erteilen und an Ausschreibungen zu diesem Thema teilzunehmen.<\/p>\n<\/li>\n<li>\n<p>Bereitstellung und Durchf\u00fchrung von Kommunikation im Zusammenhang mit Aktivit\u00e4ten<\/p>\n<\/li>\n<\/ul>\n<p><strong>\u00dcbermittlung personenbezogener Daten:<\/strong> Gem\u00e4\u00df Artikel 8 und 9 KVKK k\u00f6nnen Ihre personenbezogenen Daten an Dritte (Programmpartner, kooperierende Institutionen, Lieferanten, Spender, Klinikmanager\/-mitarbeiter, gesetzlich autorisierte \u00f6ffentliche Institutionen und Organisationen, gesetzlich autorisierte Privatpersonen) \u00fcbermittelt werden juristische Personen oder das Ausland), die im Rahmen der Bedingungen und Zwecke der Verarbeitung personenbezogener Daten als notwendig erachtet werden, um die Aktivit\u00e4ten der DRKAYA Hair Treatments Clinic f\u00fcr die oben aufgef\u00fchrten Zwecke fortzusetzen.<\/p>\n<p><strong>Methode zur Erhebung personenbezogener Daten:<\/strong> Ihre personenbezogenen Daten k\u00f6nnen von DRKAYA \u00fcber die unten aufgef\u00fchrten Formulare erhoben, verarbeitet und \u00fcbertragen werden:<\/p>\n<ul>\n<li>Patientenanamnese\/Anamnese\/Informationsformulare<\/li>\n<li>Kontaktformulare f\u00fcr DRKAYA-Websites<\/li>\n<li>Registrierungsformulare f\u00fcr DRKAYA-Websites<\/li>\n<li>Formulare zur Patientennachsorge<\/li>\n<li>Formulare zur Nachverfolgung von Beratern<\/li>\n<li>Archivformulare f\u00fcr die Patientennachsorge<\/li>\n<\/ul>\n<p><strong>Rechte des Inhabers personenbezogener Daten:<\/strong> Gem\u00e4\u00df Artikel 11 des KVKK hat jeder das Recht, sich an den Datenverantwortlichen zu wenden.<\/p>\n<ol>\n<li>\n<p>Erfahren Sie, ob Ihre personenbezogenen Daten verarbeitet werden oder nicht,<\/p>\n<\/li>\n<li>\n<p>Sofern personenbezogene Daten verarbeitet wurden, verlangen Sie Auskunft dar\u00fcber,<\/p>\n<\/li>\n<li>\n<p>Informieren Sie sich \u00fcber den Zweck der Verarbeitung personenbezogener Daten und dar\u00fcber, ob diese zweckgem\u00e4\u00df verwendet werden.<\/p>\n<\/li>\n<li>\n<p>Kennen Sie die Dritten, an die personenbezogene Daten im In- oder Ausland \u00fcbermittelt werden,<\/p>\n<\/li>\n<li>\n<p>Bei unvollst\u00e4ndiger oder fehlerhafter Verarbeitung die Berichtigung personenbezogener Daten verlangen,<\/p>\n<\/li>\n<li>\n<p>Die L\u00f6schung oder Vernichtung personenbezogener Daten im Rahmen der in Artikel 7 KVKK genannten Bedingungen beantragen,<\/p>\n<\/li>\n<li>\n<p>Fordern Sie die Benachrichtigung der gem\u00e4\u00df den Buchstaben d) und (e) durchgef\u00fchrten Transaktionen an Dritte an, an die personenbezogene Daten \u00fcbermittelt wurden.<\/p>\n<\/li>\n<li>\n<p>Einspruch gegen die Entstehung eines gegen die Person selbst gerichteten Ergebnisses einlegen, indem die verarbeiteten Daten ausschlie\u00dflich durch automatisierte Systeme analysiert werden,<\/p>\n<\/li>\n<li>\n<p>Im Falle eines Schadens, der durch die rechtswidrige Verarbeitung personenbezogener Daten entstanden ist, den Ersatz des Schadens zu verlangen,<\/p>\n<\/li>\n<\/ol>\n<p>Wenn Sie sich bez\u00fcglich Ihrer oben genannten Rechte an die <strong>DRKAYA Hair Treatments Clinic<\/strong> wenden, erhalten Sie je nach Art Ihrer Anfrage sp\u00e4testens innerhalb von 30 (drei\u00dfig) Tagen eine kostenlose Antwort. Sie k\u00f6nnen Ihren Antrag auf klare und verst\u00e4ndliche Weise einreichen, indem Sie die Dokumente zur Identifizierung Ihrer Identit\u00e4t und Ihrer Adressinformationen schriftlich und mit nasser Unterschrift, handschriftlich, per Post oder durch Zustellung an <strong>Atak\u00f6y 7-8-9-10 Mah beif\u00fcgen. Karanfil Sokak 8\/D Nr. 50 Bak\u0131rk\u00f6y Istanbul T\u00fcrkei.<\/strong><\/p>\n<p>&#8230;&#8230;&#8230;&#8230;&#8230;&#8230;&#8230;&#8230;&#8230;&#8230;&#8230;&#8230;&#8230;&#8230;&#8230;&#8230;&#8230;&#8230;&#8230;&#8230;&#8230;&#8230;&#8230;&#8230;&#8230;&#8230;&#8230;&#8230;&#8230;&#8230;&#8230;&#8230;&#8230;&#8230;&#8230;&#8230;&#8230;&#8230;&#8230;&#8230;&#8230;&#8230;&#8230;&#8230;&#8230;&#8230;&#8230;&#8230;&#8230;&#8230;&#8230;&#8230;&#8230;&#8230;&#8230;&#8230;&#8230;&#8230;&#8230;&#8230;&#8230;&#8230;&#8230;&#8230;&#8230;&#8230;&#8230;&#8230;&#8230;&#8230;&#8230;&#8230;&#8230;&#8230;&#8230;&#8230;&#8230;&#8230;&#8230;&#8230;&#8230;<\/p>\n<p>Schreiben Sie in das Feld oben den Satz <strong>&#8222;ICH VERSTEHE, WAS ICH LESE\u201c<\/strong> in Ihrer eigenen Handschrift.<\/p>\n<p><b>DER PATIENT&nbsp; &nbsp; &nbsp; &nbsp; &nbsp; &nbsp; &nbsp; &nbsp; &nbsp; &nbsp; &nbsp; &nbsp; &nbsp; &nbsp; &nbsp; &nbsp; &nbsp; &nbsp; &nbsp; &nbsp; &nbsp; &nbsp; &nbsp; &nbsp; &nbsp; &nbsp; &nbsp; &nbsp; &nbsp; &nbsp; &nbsp; &nbsp; &nbsp; &nbsp; &nbsp; &nbsp; &nbsp; &nbsp; &nbsp; &nbsp; DATUM: &#8230;\/&#8230;\/&#8230;.<\/b><\/p>\n<p><b>&nbsp;<\/b><\/p>\n<p><b>NAME UND NACHNAME:&nbsp; &nbsp; &nbsp; &nbsp;&#8230;&#8230;&#8230;&#8230;&#8230;&#8230;&#8230;&#8230;&#8230;&#8230;&#8230;&#8230;&#8230;&#8230;&#8230;&#8230;&#8230;&#8230;&#8230;&#8230;&#8230;.<\/b><\/p>\n<p><b>&nbsp;<\/b><\/p>\n<p><b>UNTERSCHRIFT:&nbsp; &nbsp; &nbsp; &nbsp; &nbsp; &nbsp; &nbsp; &nbsp; &nbsp; &nbsp; &nbsp;&#8230;&#8230;&#8230;&#8230;&#8230;&#8230;&#8230;&#8230;&#8230;&#8230;&#8230;&#8230;&#8230;&#8230;&#8230;&#8230;&#8230;&#8230;&#8230;&#8230;&#8230;.&nbsp; &nbsp;&nbsp;<\/b><\/p>\n<p><b>&nbsp;<\/b><\/p>\n<p><b>TELEFON:&nbsp; &nbsp; &nbsp; &nbsp; &nbsp; &nbsp; &nbsp; &nbsp; &nbsp; &nbsp; &nbsp; &nbsp; &nbsp; &nbsp; &nbsp; &nbsp; &#8230;&#8230;&#8230;&#8230;&#8230;&#8230;&#8230;&#8230;&#8230;&#8230;&#8230;&#8230;&#8230;&#8230;&#8230;&#8230;&#8230;&#8230;&#8230;&#8230;&#8230;.<\/b><\/p>\n<p><b>&nbsp;<\/b><\/p>\n<p><b>EMAIL:&nbsp; &nbsp; &nbsp; &nbsp; &nbsp; &nbsp; &nbsp; &nbsp; &nbsp; &nbsp; &nbsp; &nbsp; &nbsp; &nbsp; &nbsp; &nbsp; &nbsp; &nbsp; &nbsp;&#8230;&#8230;&#8230;&#8230;&#8230;&#8230;&#8230;&#8230;&#8230;&#8230;&#8230;&#8230;&#8230;&#8230;&#8230;&#8230;&#8230;&#8230;&#8230;&#8230;&#8230;.<\/b><\/p>\n<p><b>&nbsp;<\/b><\/p>\n<p><b>ADDRESS:&nbsp; &nbsp; &nbsp; &nbsp; &nbsp; &nbsp; &nbsp; &nbsp; &nbsp; &nbsp; &nbsp; &nbsp; &nbsp; &nbsp; &nbsp; &nbsp;&#8230;&#8230;&#8230;&#8230;&#8230;&#8230;&#8230;&#8230;&#8230;&#8230;&#8230;&#8230;&#8230;&#8230;&#8230;&#8230;&#8230;&#8230;&#8230;&#8230;&#8230;.&nbsp;<\/b><\/p>\n<\/div>\t\t\t\t\t\t<\/div>\n\t\t\t\t<\/div>\n\t\t\t\t\t<\/div>\n\t\t<\/div>\n\t\t\t\t\t<\/div>\n\t\t<\/section>\n\t\t\t\t\t<\/div>\n\t\t<\/div>\n\t\t\t\t\t<\/div>\n\t\t<\/section>\n\t\t\t\t<\/div>\n\t\t","protected":false},"excerpt":{"rendered":"<p>Schutz Personenbezogener Daten Informationstext zum Datenschutzrecht BESCHREIBUNG Wie in diesem Aufkl\u00e4rungsdokument erw\u00e4hnt, deuten diese Beschreibungen darauf hin. Personenbezogene Daten: Alle Informationen, die sich auf eine identifizierte oder identifizierbare nat\u00fcrliche Person beziehen. Gesetz zum Schutz personenbezogener Daten in T\u00fcrkischen Initialen (&#8222;KVKK&#8220;): Gesetz Nr. 6698 zum Schutz personenbezogener Daten, das nach Ver\u00f6ffentlichung im Amtsblatt am 7. April [&hellip;]<\/p>\n","protected":false},"author":1,"featured_media":0,"parent":0,"menu_order":0,"comment_status":"closed","ping_status":"closed","template":"","meta":{"footnotes":""},"class_list":["post-15683","page","type-page","status-publish","hentry"],"aioseo_notices":[],"_links":{"self":[{"href":"https:\/\/drkaya.net\/de\/wp-json\/wp\/v2\/pages\/15683","targetHints":{"allow":["GET"]}}],"collection":[{"href":"https:\/\/drkaya.net\/de\/wp-json\/wp\/v2\/pages"}],"about":[{"href":"https:\/\/drkaya.net\/de\/wp-json\/wp\/v2\/types\/page"}],"author":[{"embeddable":true,"href":"https:\/\/drkaya.net\/de\/wp-json\/wp\/v2\/users\/1"}],"replies":[{"embeddable":true,"href":"https:\/\/drkaya.net\/de\/wp-json\/wp\/v2\/comments?post=15683"}],"version-history":[{"count":8,"href":"https:\/\/drkaya.net\/de\/wp-json\/wp\/v2\/pages\/15683\/revisions"}],"predecessor-version":[{"id":15780,"href":"https:\/\/drkaya.net\/de\/wp-json\/wp\/v2\/pages\/15683\/revisions\/15780"}],"wp:attachment":[{"href":"https:\/\/drkaya.net\/de\/wp-json\/wp\/v2\/media?parent=15683"}],"curies":[{"name":"wp","href":"https:\/\/api.w.org\/{rel}","templated":true}]}}