{"id":13791,"date":"2023-09-21T12:40:49","date_gmt":"2023-09-21T12:40:49","guid":{"rendered":"https:\/\/drkaya.net\/?page_id=13791"},"modified":"2023-09-21T12:51:35","modified_gmt":"2023-09-21T12:51:35","slug":"personal-data-protection-law-information-text","status":"publish","type":"page","link":"https:\/\/drkaya.net\/en\/personal-data-protection-law-information-text\/","title":{"rendered":"Personal Data Protection Law Information Text"},"content":{"rendered":"\t\t<div data-elementor-type=\"wp-page\" data-elementor-id=\"13791\" class=\"elementor elementor-13791\">\n\t\t\t\t\t\t<section class=\"elementor-section elementor-top-section elementor-element elementor-element-b73a18f elementor-section-stretched elementor-section-content-middle elementor-section-boxed elementor-section-height-default elementor-section-height-default\" data-id=\"b73a18f\" data-element_type=\"section\" data-settings=\"{&quot;stretch_section&quot;:&quot;section-stretched&quot;,&quot;background_background&quot;:&quot;classic&quot;}\">\n\t\t\t\t\t\t\t<div class=\"elementor-background-overlay\"><\/div>\n\t\t\t\t\t\t\t<div class=\"elementor-container elementor-column-gap-default\">\n\t\t\t\t\t<div class=\"elementor-column elementor-col-100 elementor-top-column elementor-element elementor-element-bc898ed\" data-id=\"bc898ed\" data-element_type=\"column\">\n\t\t\t<div class=\"elementor-widget-wrap elementor-element-populated\">\n\t\t\t\t\t\t<div class=\"elementor-element elementor-element-8d55e30 elementor-widget__width-inherit elementor-widget elementor-widget-heading\" data-id=\"8d55e30\" data-element_type=\"widget\" data-widget_type=\"heading.default\">\n\t\t\t\t<div class=\"elementor-widget-container\">\n\t\t\t<style>\/*! elementor - v3.19.0 - 29-01-2024 *\/\n.elementor-heading-title{padding:0;margin:0;line-height:1}.elementor-widget-heading .elementor-heading-title[class*=elementor-size-]>a{color:inherit;font-size:inherit;line-height:inherit}.elementor-widget-heading .elementor-heading-title.elementor-size-small{font-size:15px}.elementor-widget-heading .elementor-heading-title.elementor-size-medium{font-size:19px}.elementor-widget-heading .elementor-heading-title.elementor-size-large{font-size:29px}.elementor-widget-heading .elementor-heading-title.elementor-size-xl{font-size:39px}.elementor-widget-heading .elementor-heading-title.elementor-size-xxl{font-size:59px}<\/style><h1 class=\"elementor-heading-title elementor-size-default\">Personal Data Protection<\/h1>\t\t<\/div>\n\t\t\t\t<\/div>\n\t\t\t\t\t<\/div>\n\t\t<\/div>\n\t\t\t\t\t<\/div>\n\t\t<\/section>\n\t\t\t\t<section class=\"elementor-section elementor-top-section elementor-element elementor-element-23393079 elementor-section-content-middle elementor-section-full_width elementor-section-stretched elementor-section-height-default elementor-section-height-default\" data-id=\"23393079\" data-element_type=\"section\" data-settings=\"{&quot;stretch_section&quot;:&quot;section-stretched&quot;,&quot;background_background&quot;:&quot;classic&quot;}\">\n\t\t\t\t\t\t<div class=\"elementor-container elementor-column-gap-default\">\n\t\t\t\t\t<div class=\"elementor-column elementor-col-100 elementor-top-column elementor-element elementor-element-6d06ffd0\" data-id=\"6d06ffd0\" data-element_type=\"column\">\n\t\t\t<div class=\"elementor-widget-wrap elementor-element-populated\">\n\t\t\t\t\t\t<section class=\"elementor-section elementor-inner-section elementor-element elementor-element-3ae9e114 elementor-section-content-middle elementor-section-boxed elementor-section-height-default elementor-section-height-default\" data-id=\"3ae9e114\" data-element_type=\"section\">\n\t\t\t\t\t\t<div class=\"elementor-container elementor-column-gap-no\">\n\t\t\t\t\t<div class=\"elementor-column elementor-col-100 elementor-inner-column elementor-element elementor-element-2a08b909\" data-id=\"2a08b909\" data-element_type=\"column\">\n\t\t\t<div class=\"elementor-widget-wrap elementor-element-populated\">\n\t\t\t\t\t\t<div class=\"elementor-element elementor-element-6a3da2d7 elementor-widget elementor-widget-heading\" data-id=\"6a3da2d7\" data-element_type=\"widget\" data-widget_type=\"heading.default\">\n\t\t\t\t<div class=\"elementor-widget-container\">\n\t\t\t<h2 class=\"elementor-heading-title elementor-size-default\">Personal Data Protection Law Information Text\u200b<\/h2>\t\t<\/div>\n\t\t\t\t<\/div>\n\t\t\t\t<div class=\"elementor-element elementor-element-52dfe33d elementor-widget__width-initial elementor-widget elementor-widget-text-editor\" data-id=\"52dfe33d\" data-element_type=\"widget\" data-widget_type=\"text-editor.default\">\n\t\t\t\t<div class=\"elementor-widget-container\">\n\t\t\t<style>\/*! elementor - v3.19.0 - 29-01-2024 *\/\n.elementor-widget-text-editor.elementor-drop-cap-view-stacked .elementor-drop-cap{background-color:#69727d;color:#fff}.elementor-widget-text-editor.elementor-drop-cap-view-framed .elementor-drop-cap{color:#69727d;border:3px solid;background-color:transparent}.elementor-widget-text-editor:not(.elementor-drop-cap-view-default) .elementor-drop-cap{margin-top:8px}.elementor-widget-text-editor:not(.elementor-drop-cap-view-default) .elementor-drop-cap-letter{width:1em;height:1em}.elementor-widget-text-editor .elementor-drop-cap{float:left;text-align:center;line-height:1;font-size:50px}.elementor-widget-text-editor .elementor-drop-cap-letter{display:inline-block}<\/style>\t\t\t\t<div data-id=\"18d07137\" data-element_type=\"widget\" data-widget_type=\"heading.default\"><div><ul><li><b>DESCRIPTION<\/b><\/li><\/ul><p>As In This enlightenment document mentioned these descriptions indicate.<\/p><p><strong>Personal Data:<\/strong> Any information relating to an identified or identifiable natural person.<\/p><p><strong>(Personal Data Protection Law in Turkish \u0130nitials (\u201cKVKK\u201d): <\/strong>Law No. 6698 on the Protection of Personal Data, which entered into force after being published in the Official Gazette on April 7, 2016.<\/p><p><strong>DRKAYA Hair Treatments Clinic<\/strong>: DRKAYA Hair Treatments Clinic which located in Atak\u00f6y 7-8-9-10 Mah. Karanfil Sokak 8\/D no:50 Bak\u0131rk\u00f6y \u0130stanbul Turkey.<\/p><p><strong>Data Processor<\/strong><strong>:<\/strong> The natural or legal person who processes Personal Data on behalf of the data controller, based on the authority given by the data controller.<\/p><p><strong>Data Controller<\/strong>: The natural or legal person who determines the purposes and means of processing Personal Data and is responsible for the establishment and management of the data recording system.<\/p><p><strong>Data Controller<\/strong>: your personal data that you share as the addressee, patient, client, in accordance with the KVKK; by \u201cDRKAYA legal entity\u201d determined as the data controller will be evaluated within the scope specified below.<\/p><p><strong>Purpose of Processing Personal Data<\/strong>: Your personal data in accordance with Articles 4, 5 and 6 of the KVKK.<\/p><ul><li>Compliant with the law and honesty rules<\/li><li>Accurate and up to date when needed<\/li><li>For specific, explicit and legitimate purposes<\/li><li>Relevant, limited and restrained for the purpose for which they are processed<\/li><li>To be stored for the period required by the relevant legislation or for the purpose for which they are processed.<\/li><\/ul><p>It will be processed in accordance with the rules above in connection with the following activities of DRKAYA.<\/p><p><strong>DRKAYA Hair Treatments Clinic Activities.<\/strong><\/p><ul><li>To establish and operate private hospitals, polyclinics, dispensaries, laboratories, hair transplant centres, health centres and facilities, health cabins, maternity homes, dental (oral health) and prosthetic treatment centres to provide all kinds of health services.<\/li><li>To open diagnosis and treatment centres, physical therapy and rehabilitation units within the hospital that will serve human health, to establish and operate check-up centres.<\/li><li>To provide all kinds of medical aid, examination, health and medical services and to ensure their organization. To employ a specialist in the field.<\/li><li>Taking tomography, computed tomography and scintigraphy, measuring bone density, mammography, all x-ray graphics, MRI, echo taking, ultrasonography and doppler, magnetic resonance imaging, all endoscopy, radioactive materials and materials, provided that necessary permission is obtained from official institutions. to make all kinds of medical diagnosis, examination and analysis.<\/li><li>Establishing, operating and leasing the facilities of physical therapy, oncology, haemodialysis and medical rehabilitation units.<\/li><li>Establishing and operating medical analysis laboratories. Establishing and operating all kinds of private hospitals, inpatient diagnosis and treatment centres, dental laboratories and research laboratories, clinics and polyclinics related to oral and dental health and leasing the facilities established in this regard.<\/li><li>To make agreements with companies abroad for diagnosis and treatment, to give and receive representation, agency, to participate in tenders related to its subject.<\/li><li>Providing and executing communication related to activities<\/li><\/ul><p><strong>Transfer of Personal Data:<\/strong> Pursuant to Articles 8 and 9 of the KVKK, your personal data may be transferred to third parties(program partner, collaborating institution, supplier, donor, clinic managers\/employees, legally authorized public institutions and organizations, legally authorized private legal persons or foreign countries) deemed necessary within the scope of Personal Data processing conditions and purposes in order to continue the activities of DRKAYA Hair Treatments Clinic for the purposes listed above.<\/p><p><strong>Personal Data Collection Method <\/strong>Your personal data can be collected, processed and transferred by DRKAYA via the forms listed below:<\/p><ul><li>Patient anamnesis\/medical history\/information forms<\/li><li>DRKAYA Websites Contact Forms<\/li><li>DRKAYA Web Sites Registration Forms<\/li><li>Patient Follow-up Forms<\/li><li>Consultant Follow-up Forms<\/li><li>Patient Follow-up Archive Forms<\/li><\/ul><p><strong>Rights of Personal Data Owner:<\/strong> In accordance with Article 11 of the KVKK, everyone has the right to apply to the data controller and.<\/p><ol><li>Learn whether your personal data is processed or not,<\/li><li>If personal data has been processed, request information about it,<\/li><li>Learn the purpose of processing personal data and whether they are used in accordance with the purpose,<\/li><li>Know the third parties to whom personal data is transferred at home or abroad,<\/li><li>Request correction of personal data in case of incomplete or incorrect processing,<\/li><li>Request the deletion or destruction of personal data within the framework of the conditions stipulated in Article 7 of the KVKK,<\/li><li>Request notification of the transactions made pursuant to subparagraphs d) and (e) to third parties to whom personal data has been transferred,<\/li><li>Object to the emergence of a result against the person herself\/himself by analysing the processed data exclusively through automated systems,<\/li><li>To request the compensation of the damage in case of loss due to the unlawful processing of personal data,<\/li><\/ol><p>If you apply to <b>DRKAYA Hair Treatments Clinic<\/b> regarding your above-mentioned rights, you will receive a free response within 30 (thirty) days at the latest, depending on the nature of your request. You can submit your application in a clear and understandable manner, by attaching the documents identifying your identity and address information, in writing and with wet signature, by hand, by mail or by delivering to <b>Atak\u00f6y 7-8-9-10 Mah. Karanfil Sokak 8\/D no: 50 Bak\u0131rk\u00f6y Istanbul Turkey.<\/b><\/p><p>&#8230;&#8230;&#8230;&#8230;&#8230;&#8230;&#8230;&#8230;&#8230;&#8230;&#8230;&#8230;&#8230;&#8230;&#8230;&#8230;&#8230;&#8230;&#8230;&#8230;&#8230;&#8230;&#8230;&#8230;&#8230;&#8230;&#8230;&#8230;&#8230;&#8230;&#8230;&#8230;&#8230;&#8230;&#8230;&#8230;&#8230;&#8230;&#8230;&#8230;&#8230;&#8230;&#8230;&#8230;&#8230;&#8230;&#8230;&#8230;&#8230;&#8230;&#8230;&#8230;&#8230;&#8230;&#8230;&#8230;&#8230;&#8230;&#8230;&#8230;&#8230;&#8230;&#8230;&#8230;&#8230;&#8230;&#8230;&#8230;&#8230;&#8230;&#8230;&#8230;&#8230;&#8230;&#8230;&#8230;&#8230;&#8230;&#8230;&#8230;&#8230;<\/p><p>In the space above, write the phrase &#8220;<b>I UNDERSTAND WHAT I READ<\/b>&#8221; in your own handwriting.<\/p><p><b>PATIENTS\u00a0\u00a0\u00a0\u00a0\u00a0\u00a0\u00a0\u00a0\u00a0\u00a0\u00a0\u00a0\u00a0\u00a0\u00a0\u00a0\u00a0\u00a0\u00a0\u00a0\u00a0\u00a0\u00a0\u00a0\u00a0\u00a0\u00a0\u00a0\u00a0\u00a0\u00a0\u00a0\u00a0\u00a0\u00a0\u00a0\u00a0\u00a0\u00a0\u00a0\u00a0\u00a0\u00a0\u00a0\u00a0\u00a0\u00a0\u00a0\u00a0\u00a0\u00a0\u00a0\u00a0\u00a0\u00a0\u00a0\u00a0\u00a0\u00a0\u00a0\u00a0\u00a0\u00a0\u00a0\u00a0\u00a0\u00a0\u00a0\u00a0\u00a0\u00a0\u00a0\u00a0\u00a0\u00a0\u00a0\u00a0\u00a0\u00a0\u00a0\u00a0\u00a0\u00a0\u00a0\u00a0\u00a0\u00a0\u00a0\u00a0\u00a0\u00a0\u00a0\u00a0\u00a0 DATE: &#8230;\/&#8230;\/&#8230;.<\/b><\/p><p><b>\u00a0<\/b><\/p><p><b>NAME-SURNAME:\u00a0 &#8230;&#8230;&#8230;&#8230;&#8230;&#8230;&#8230;&#8230;&#8230;&#8230;&#8230;&#8230;&#8230;&#8230;&#8230;&#8230;&#8230;&#8230;&#8230;&#8230;&#8230;.<\/b><\/p><p><b>\u00a0<\/b><\/p><p><b>SIGNATURE:\u00a0 \u00a0 \u00a0 \u00a0 \u00a0 \u00a0 &#8230;&#8230;&#8230;&#8230;&#8230;&#8230;&#8230;&#8230;&#8230;&#8230;&#8230;&#8230;&#8230;&#8230;&#8230;&#8230;&#8230;&#8230;&#8230;&#8230;&#8230;.\u00a0 \u00a0\u00a0<\/b><\/p><p><b>\u00a0<\/b><\/p><p><b>PHONE:\u00a0 \u00a0 \u00a0 \u00a0 \u00a0 \u00a0 \u00a0 \u00a0 \u00a0 \u00a0 &#8230;&#8230;&#8230;&#8230;&#8230;&#8230;&#8230;&#8230;&#8230;&#8230;&#8230;&#8230;&#8230;&#8230;&#8230;&#8230;&#8230;&#8230;&#8230;&#8230;&#8230;.<\/b><\/p><p><b>\u00a0<\/b><\/p><p><b>EMAIL:\u00a0 \u00a0 \u00a0 \u00a0 \u00a0 \u00a0 \u00a0 \u00a0 \u00a0 \u00a0 \u00a0&#8230;&#8230;&#8230;&#8230;&#8230;&#8230;&#8230;&#8230;&#8230;&#8230;&#8230;&#8230;&#8230;&#8230;&#8230;&#8230;&#8230;&#8230;&#8230;&#8230;&#8230;.<\/b><\/p><p><b>\u00a0<\/b><\/p><p><b>ADDRESS:\u00a0 \u00a0 \u00a0 \u00a0 \u00a0 \u00a0 \u00a0 \u00a0 &#8230;&#8230;&#8230;&#8230;&#8230;&#8230;&#8230;&#8230;&#8230;&#8230;&#8230;&#8230;&#8230;&#8230;&#8230;&#8230;&#8230;&#8230;&#8230;&#8230;&#8230;.<\/b><\/p><\/div><\/div>\t\t\t\t\t\t<\/div>\n\t\t\t\t<\/div>\n\t\t\t\t\t<\/div>\n\t\t<\/div>\n\t\t\t\t\t<\/div>\n\t\t<\/section>\n\t\t\t\t\t<\/div>\n\t\t<\/div>\n\t\t\t\t\t<\/div>\n\t\t<\/section>\n\t\t\t\t<\/div>\n\t\t","protected":false},"excerpt":{"rendered":"<p>Personal Data Protection Personal Data Protection Law Information Text\u200b DESCRIPTION As In This enlightenment document mentioned these descriptions indicate. Personal Data: Any information relating to an identified or identifiable natural person. (Personal Data Protection Law in Turkish \u0130nitials (\u201cKVKK\u201d): Law No. 6698 on the Protection of Personal Data, which entered into force after being published [&hellip;]<\/p>\n","protected":false},"author":1,"featured_media":0,"parent":0,"menu_order":0,"comment_status":"closed","ping_status":"closed","template":"","meta":{"footnotes":""},"class_list":["post-13791","page","type-page","status-publish","hentry"],"aioseo_notices":[],"_links":{"self":[{"href":"https:\/\/drkaya.net\/en\/wp-json\/wp\/v2\/pages\/13791","targetHints":{"allow":["GET"]}}],"collection":[{"href":"https:\/\/drkaya.net\/en\/wp-json\/wp\/v2\/pages"}],"about":[{"href":"https:\/\/drkaya.net\/en\/wp-json\/wp\/v2\/types\/page"}],"author":[{"embeddable":true,"href":"https:\/\/drkaya.net\/en\/wp-json\/wp\/v2\/users\/1"}],"replies":[{"embeddable":true,"href":"https:\/\/drkaya.net\/en\/wp-json\/wp\/v2\/comments?post=13791"}],"version-history":[{"count":7,"href":"https:\/\/drkaya.net\/en\/wp-json\/wp\/v2\/pages\/13791\/revisions"}],"predecessor-version":[{"id":13799,"href":"https:\/\/drkaya.net\/en\/wp-json\/wp\/v2\/pages\/13791\/revisions\/13799"}],"wp:attachment":[{"href":"https:\/\/drkaya.net\/en\/wp-json\/wp\/v2\/media?parent=13791"}],"curies":[{"name":"wp","href":"https:\/\/api.w.org\/{rel}","templated":true}]}}