{"id":15134,"date":"2024-01-31T22:22:14","date_gmt":"2024-01-31T22:22:14","guid":{"rendered":"https:\/\/drkaya.net\/?page_id=15134"},"modified":"2024-01-31T22:22:15","modified_gmt":"2024-01-31T22:22:15","slug":"hakkimizda","status":"publish","type":"page","link":"https:\/\/drkaya.net\/tr\/hakkimizda\/","title":{"rendered":"Hakk\u0131m\u0131zda"},"content":{"rendered":"\t\t<div data-elementor-type=\"wp-page\" data-elementor-id=\"15134\" class=\"elementor elementor-15134 elementor-15132\">\n\t\t\t\t\t\t<section class=\"elementor-section elementor-top-section elementor-element elementor-element-b73a18f elementor-section-stretched elementor-section-content-middle elementor-section-boxed elementor-section-height-default elementor-section-height-default\" data-id=\"b73a18f\" data-element_type=\"section\" data-settings=\"{&quot;stretch_section&quot;:&quot;section-stretched&quot;,&quot;background_background&quot;:&quot;classic&quot;}\">\n\t\t\t\t\t\t\t<div class=\"elementor-background-overlay\"><\/div>\n\t\t\t\t\t\t\t<div class=\"elementor-container elementor-column-gap-default\">\n\t\t\t\t\t<div class=\"elementor-column elementor-col-100 elementor-top-column elementor-element elementor-element-bc898ed\" data-id=\"bc898ed\" data-element_type=\"column\">\n\t\t\t<div class=\"elementor-widget-wrap elementor-element-populated\">\n\t\t\t\t\t\t<div class=\"elementor-element elementor-element-8d55e30 elementor-widget elementor-widget-heading\" data-id=\"8d55e30\" data-element_type=\"widget\" data-widget_type=\"heading.default\">\n\t\t\t\t<div class=\"elementor-widget-container\">\n\t\t\t<style>\/*! elementor - v3.19.0 - 29-01-2024 *\/\n.elementor-heading-title{padding:0;margin:0;line-height:1}.elementor-widget-heading .elementor-heading-title[class*=elementor-size-]>a{color:inherit;font-size:inherit;line-height:inherit}.elementor-widget-heading .elementor-heading-title.elementor-size-small{font-size:15px}.elementor-widget-heading .elementor-heading-title.elementor-size-medium{font-size:19px}.elementor-widget-heading .elementor-heading-title.elementor-size-large{font-size:29px}.elementor-widget-heading .elementor-heading-title.elementor-size-xl{font-size:39px}.elementor-widget-heading .elementor-heading-title.elementor-size-xxl{font-size:59px}<\/style><h1 class=\"elementor-heading-title elementor-size-default\">Hakk\u0131m\u0131zda<\/h1>\t\t<\/div>\n\t\t\t\t<\/div>\n\t\t\t\t\t<\/div>\n\t\t<\/div>\n\t\t\t\t\t<\/div>\n\t\t<\/section>\n\t\t\t\t<section class=\"elementor-section elementor-top-section elementor-element elementor-element-23393079 elementor-section-content-middle elementor-section-full_width elementor-section-stretched elementor-section-height-default elementor-section-height-default\" data-id=\"23393079\" data-element_type=\"section\" data-settings=\"{&quot;stretch_section&quot;:&quot;section-stretched&quot;,&quot;background_background&quot;:&quot;classic&quot;}\">\n\t\t\t\t\t\t<div class=\"elementor-container elementor-column-gap-default\">\n\t\t\t\t\t<div class=\"elementor-column elementor-col-100 elementor-top-column elementor-element elementor-element-6d06ffd0\" data-id=\"6d06ffd0\" data-element_type=\"column\">\n\t\t\t<div class=\"elementor-widget-wrap elementor-element-populated\">\n\t\t\t\t\t\t<section class=\"elementor-section elementor-inner-section elementor-element elementor-element-3ae9e114 elementor-section-content-middle elementor-section-boxed elementor-section-height-default elementor-section-height-default\" data-id=\"3ae9e114\" data-element_type=\"section\">\n\t\t\t\t\t\t<div class=\"elementor-container elementor-column-gap-no\">\n\t\t\t\t\t<div class=\"elementor-column elementor-col-50 elementor-inner-column elementor-element elementor-element-51f45967\" data-id=\"51f45967\" data-element_type=\"column\">\n\t\t\t<div class=\"elementor-widget-wrap elementor-element-populated\">\n\t\t\t\t\t\t<div class=\"elementor-element elementor-element-4c073071 elementor-widget elementor-widget-image\" data-id=\"4c073071\" data-element_type=\"widget\" data-widget_type=\"image.default\">\n\t\t\t\t<div class=\"elementor-widget-container\">\n\t\t\t<style>\/*! elementor - v3.19.0 - 29-01-2024 *\/\n.elementor-widget-image{text-align:center}.elementor-widget-image a{display:inline-block}.elementor-widget-image a img[src$=\".svg\"]{width:48px}.elementor-widget-image img{vertical-align:middle;display:inline-block}<\/style>\t\t\t\t\t\t\t\t\t\t<img fetchpriority=\"high\" decoding=\"async\" width=\"1024\" height=\"682\" src=\"https:\/\/drkaya.net\/wp-content\/uploads\/2023\/09\/doctor-mahmut-alan-kaya-about-us-1024x682.jpg\" class=\"attachment-large size-large wp-image-14950\" alt=\"\" srcset=\"https:\/\/drkaya.net\/wp-content\/uploads\/2023\/09\/doctor-mahmut-alan-kaya-about-us-1024x682.jpg 1024w, https:\/\/drkaya.net\/wp-content\/uploads\/2023\/09\/doctor-mahmut-alan-kaya-about-us-300x200.jpg 300w, https:\/\/drkaya.net\/wp-content\/uploads\/2023\/09\/doctor-mahmut-alan-kaya-about-us-768x512.jpg 768w, https:\/\/drkaya.net\/wp-content\/uploads\/2023\/09\/doctor-mahmut-alan-kaya-about-us.jpg 1280w\" sizes=\"(max-width: 1024px) 100vw, 1024px\" \/>\t\t\t\t\t\t\t\t\t\t\t\t\t<\/div>\n\t\t\t\t<\/div>\n\t\t\t\t\t<\/div>\n\t\t<\/div>\n\t\t\t\t<div class=\"elementor-column elementor-col-50 elementor-inner-column elementor-element elementor-element-2a08b909\" data-id=\"2a08b909\" data-element_type=\"column\">\n\t\t\t<div class=\"elementor-widget-wrap elementor-element-populated\">\n\t\t\t\t\t\t<div class=\"elementor-element elementor-element-6a3da2d7 elementor-widget elementor-widget-heading\" data-id=\"6a3da2d7\" data-element_type=\"widget\" data-widget_type=\"heading.default\">\n\t\t\t\t<div class=\"elementor-widget-container\">\n\t\t\t<h2 class=\"elementor-heading-title elementor-size-default\">Sizin \u0130\u00e7in Buraday\u0131z\u200b<\/h2>\t\t<\/div>\n\t\t\t\t<\/div>\n\t\t\t\t<div class=\"elementor-element elementor-element-52dfe33d elementor-widget__width-initial elementor-widget elementor-widget-text-editor\" data-id=\"52dfe33d\" data-element_type=\"widget\" data-widget_type=\"text-editor.default\">\n\t\t\t\t<div class=\"elementor-widget-container\">\n\t\t\t<style>\/*! elementor - v3.19.0 - 29-01-2024 *\/\n.elementor-widget-text-editor.elementor-drop-cap-view-stacked .elementor-drop-cap{background-color:#69727d;color:#fff}.elementor-widget-text-editor.elementor-drop-cap-view-framed .elementor-drop-cap{color:#69727d;border:3px solid;background-color:transparent}.elementor-widget-text-editor:not(.elementor-drop-cap-view-default) .elementor-drop-cap{margin-top:8px}.elementor-widget-text-editor:not(.elementor-drop-cap-view-default) .elementor-drop-cap-letter{width:1em;height:1em}.elementor-widget-text-editor .elementor-drop-cap{float:left;text-align:center;line-height:1;font-size:50px}.elementor-widget-text-editor .elementor-drop-cap-letter{display:inline-block}<\/style>\t\t\t\t<div class=\"elementor-element elementor-element-18d07137 elementor-widget elementor-widget-heading\" data-id=\"18d07137\" data-element_type=\"widget\" data-widget_type=\"heading.default\"><div class=\"elementor-widget-container\"><div class=\"elementor-element elementor-element-18d07137 elementor-widget elementor-widget-heading\" data-id=\"18d07137\" data-element_type=\"widget\" data-widget_type=\"heading.default\"><div class=\"elementor-widget-container\"><p>Yetenekli ve deneyimli t\u0131p doktorlar\u0131 ekibimiz, t\u0131bbi teknolojinin geli\u015fmelerini ve uzmanl\u0131\u011f\u0131m\u0131z\u0131 birle\u015ftirerek size hayalinizdeki g\u00f6r\u00fcn\u00fcm\u00fc sunmaktad\u0131r. \u00c7e\u015fitli hizmetler ve benzersiz bir tedavi deneyimi sa\u011flamay\u0131 ama\u00e7l\u0131yoruz, bu da \u00f6zg\u00fcveninizi art\u0131rman\u0131za ve en iyi hissetmenize yard\u0131mc\u0131 olacakt\u0131r. Safir FUE ve DHI Pen Tekni\u011fi gibi y\u00f6ntemlere ek olarak, sadece klini\u011fimizde uygulanan Hibrit Sa\u00e7 Nakli y\u00f6ntemini kullanarak en do\u011fal sonu\u00e7lar\u0131 elde etmeyi hedefliyoruz. Sa\u00e7 nakli ba\u015far\u0131s\u0131n\u0131 en \u00fcst d\u00fczeyde tutmak i\u00e7in sizi sa\u00e7 nakli sonras\u0131 s\u00fcre\u00e7lerde yak\u0131ndan takip ediyoruz.<\/p><\/div><\/div><\/div><\/div>\t\t\t\t\t\t<\/div>\n\t\t\t\t<\/div>\n\t\t\t\t\t<\/div>\n\t\t<\/div>\n\t\t\t\t\t<\/div>\n\t\t<\/section>\n\t\t\t\t\t<\/div>\n\t\t<\/div>\n\t\t\t\t\t<\/div>\n\t\t<\/section>\n\t\t\t\t<section class=\"elementor-section elementor-top-section elementor-element elementor-element-a00b0f7 elementor-section-content-middle elementor-section-full_width elementor-section-stretched elementor-section-height-default elementor-section-height-default\" data-id=\"a00b0f7\" data-element_type=\"section\" data-settings=\"{&quot;stretch_section&quot;:&quot;section-stretched&quot;,&quot;background_background&quot;:&quot;gradient&quot;}\">\n\t\t\t\t\t\t<div class=\"elementor-container elementor-column-gap-default\">\n\t\t\t\t\t<div class=\"elementor-column elementor-col-100 elementor-top-column elementor-element elementor-element-44e8e05\" data-id=\"44e8e05\" data-element_type=\"column\">\n\t\t\t<div class=\"elementor-widget-wrap elementor-element-populated\">\n\t\t\t\t\t\t<section class=\"elementor-section elementor-inner-section elementor-element elementor-element-832c476 elementor-section-content-middle elementor-reverse-mobile elementor-section-boxed elementor-section-height-default elementor-section-height-default\" data-id=\"832c476\" data-element_type=\"section\">\n\t\t\t\t\t\t<div class=\"elementor-container elementor-column-gap-no\">\n\t\t\t\t\t<div class=\"elementor-column elementor-col-50 elementor-inner-column elementor-element elementor-element-c3beb72\" data-id=\"c3beb72\" data-element_type=\"column\">\n\t\t\t<div class=\"elementor-widget-wrap elementor-element-populated\">\n\t\t\t\t\t\t<div class=\"elementor-element elementor-element-ceb2111 elementor-widget elementor-widget-heading\" data-id=\"ceb2111\" data-element_type=\"widget\" data-widget_type=\"heading.default\">\n\t\t\t\t<div class=\"elementor-widget-container\">\n\t\t\t<h2 class=\"elementor-heading-title elementor-size-default\">Ger\u00e7ek ve Bilimsel Yakla\u015f\u0131m\u200b<\/h2>\t\t<\/div>\n\t\t\t\t<\/div>\n\t\t\t\t<div class=\"elementor-element elementor-element-4c1b407 elementor-widget elementor-widget-heading\" data-id=\"4c1b407\" data-element_type=\"widget\" data-widget_type=\"heading.default\">\n\t\t\t\t<div class=\"elementor-widget-container\">\n\t\t\t<h2 class=\"elementor-heading-title elementor-size-default\">Dr. Mahmut Alan Kaya liderli\u011findeki deneyimli ekibimiz, t\u0131bbi tedavilerde en y\u00fcksek standartlar\u0131 belirler ve hastalar\u0131m\u0131z\u0131n beklentilerini a\u015fmay\u0131 ama\u00e7lar.<\/h2>\t\t<\/div>\n\t\t\t\t<\/div>\n\t\t\t\t\t<\/div>\n\t\t<\/div>\n\t\t\t\t<div class=\"elementor-column elementor-col-50 elementor-inner-column elementor-element elementor-element-3bf4861\" data-id=\"3bf4861\" data-element_type=\"column\">\n\t\t\t<div class=\"elementor-widget-wrap elementor-element-populated\">\n\t\t\t\t\t\t<div class=\"elementor-element elementor-element-d7978a8 elementor-widget elementor-widget-image\" data-id=\"d7978a8\" data-element_type=\"widget\" data-widget_type=\"image.default\">\n\t\t\t\t<div class=\"elementor-widget-container\">\n\t\t\t\t\t\t\t\t\t\t\t\t\t<img decoding=\"async\" width=\"1911\" height=\"1664\" src=\"https:\/\/drkaya.net\/wp-content\/uploads\/2023\/09\/IMG_1341-scaled-e1695040905881.jpeg\" class=\"attachment-full size-full wp-image-14956\" alt=\"\" srcset=\"https:\/\/drkaya.net\/wp-content\/uploads\/2023\/09\/IMG_1341-scaled-e1695040905881.jpeg 1911w, https:\/\/drkaya.net\/wp-content\/uploads\/2023\/09\/IMG_1341-scaled-e1695040905881-300x261.jpeg 300w, https:\/\/drkaya.net\/wp-content\/uploads\/2023\/09\/IMG_1341-scaled-e1695040905881-1024x892.jpeg 1024w, https:\/\/drkaya.net\/wp-content\/uploads\/2023\/09\/IMG_1341-scaled-e1695040905881-768x669.jpeg 768w, https:\/\/drkaya.net\/wp-content\/uploads\/2023\/09\/IMG_1341-scaled-e1695040905881-1536x1337.jpeg 1536w\" sizes=\"(max-width: 1911px) 100vw, 1911px\" \/>\t\t\t\t\t\t\t\t\t\t\t\t\t<\/div>\n\t\t\t\t<\/div>\n\t\t\t\t\t<\/div>\n\t\t<\/div>\n\t\t\t\t\t<\/div>\n\t\t<\/section>\n\t\t\t\t\t<\/div>\n\t\t<\/div>\n\t\t\t\t\t<\/div>\n\t\t<\/section>\n\t\t\t\t<section class=\"elementor-section elementor-top-section elementor-element elementor-element-8333a92 elementor-section-content-middle elementor-section-full_width elementor-section-stretched elementor-section-height-default elementor-section-height-default\" data-id=\"8333a92\" data-element_type=\"section\" data-settings=\"{&quot;stretch_section&quot;:&quot;section-stretched&quot;,&quot;background_background&quot;:&quot;classic&quot;}\">\n\t\t\t\t\t\t<div class=\"elementor-container elementor-column-gap-default\">\n\t\t\t\t\t<div class=\"elementor-column elementor-col-100 elementor-top-column elementor-element elementor-element-dc8882a\" data-id=\"dc8882a\" data-element_type=\"column\">\n\t\t\t<div class=\"elementor-widget-wrap elementor-element-populated\">\n\t\t\t\t\t\t<section class=\"elementor-section elementor-inner-section elementor-element elementor-element-655e1dd elementor-section-content-middle elementor-section-boxed elementor-section-height-default elementor-section-height-default\" data-id=\"655e1dd\" data-element_type=\"section\">\n\t\t\t\t\t\t<div class=\"elementor-container elementor-column-gap-no\">\n\t\t\t\t\t<div class=\"elementor-column elementor-col-50 elementor-inner-column elementor-element elementor-element-a75edb2\" data-id=\"a75edb2\" data-element_type=\"column\">\n\t\t\t<div class=\"elementor-widget-wrap elementor-element-populated\">\n\t\t\t\t\t\t<div class=\"elementor-element elementor-element-ea648e5 elementor-widget elementor-widget-image\" data-id=\"ea648e5\" data-element_type=\"widget\" data-widget_type=\"image.default\">\n\t\t\t\t<div class=\"elementor-widget-container\">\n\t\t\t\t\t\t\t\t\t\t\t\t\t<img decoding=\"async\" width=\"840\" height=\"425\" src=\"https:\/\/drkaya.net\/wp-content\/uploads\/2023\/09\/Hair-loss-Mesotherapy.jpg\" class=\"attachment-large size-large wp-image-14900\" alt=\"\" srcset=\"https:\/\/drkaya.net\/wp-content\/uploads\/2023\/09\/Hair-loss-Mesotherapy.jpg 840w, https:\/\/drkaya.net\/wp-content\/uploads\/2023\/09\/Hair-loss-Mesotherapy-300x152.jpg 300w, https:\/\/drkaya.net\/wp-content\/uploads\/2023\/09\/Hair-loss-Mesotherapy-768x389.jpg 768w, https:\/\/drkaya.net\/wp-content\/uploads\/2023\/09\/Hair-loss-Mesotherapy-600x304.jpg 600w\" sizes=\"(max-width: 840px) 100vw, 840px\" \/>\t\t\t\t\t\t\t\t\t\t\t\t\t<\/div>\n\t\t\t\t<\/div>\n\t\t\t\t<div class=\"elementor-element elementor-element-0387d20 elementor-widget elementor-widget-spacer\" data-id=\"0387d20\" data-element_type=\"widget\" data-widget_type=\"spacer.default\">\n\t\t\t\t<div class=\"elementor-widget-container\">\n\t\t\t<style>\/*! elementor - v3.19.0 - 29-01-2024 *\/\n.elementor-column .elementor-spacer-inner{height:var(--spacer-size)}.e-con{--container-widget-width:100%}.e-con-inner>.elementor-widget-spacer,.e-con>.elementor-widget-spacer{width:var(--container-widget-width,var(--spacer-size));--align-self:var(--container-widget-align-self,initial);--flex-shrink:0}.e-con-inner>.elementor-widget-spacer>.elementor-widget-container,.e-con>.elementor-widget-spacer>.elementor-widget-container{height:100%;width:100%}.e-con-inner>.elementor-widget-spacer>.elementor-widget-container>.elementor-spacer,.e-con>.elementor-widget-spacer>.elementor-widget-container>.elementor-spacer{height:100%}.e-con-inner>.elementor-widget-spacer>.elementor-widget-container>.elementor-spacer>.elementor-spacer-inner,.e-con>.elementor-widget-spacer>.elementor-widget-container>.elementor-spacer>.elementor-spacer-inner{height:var(--container-widget-height,var(--spacer-size))}.e-con-inner>.elementor-widget-spacer.elementor-widget-empty,.e-con>.elementor-widget-spacer.elementor-widget-empty{position:relative;min-height:22px;min-width:22px}.e-con-inner>.elementor-widget-spacer.elementor-widget-empty .elementor-widget-empty-icon,.e-con>.elementor-widget-spacer.elementor-widget-empty .elementor-widget-empty-icon{position:absolute;top:0;bottom:0;left:0;right:0;margin:auto;padding:0;width:22px;height:22px}<\/style>\t\t<div class=\"elementor-spacer\">\n\t\t\t<div class=\"elementor-spacer-inner\"><\/div>\n\t\t<\/div>\n\t\t\t\t<\/div>\n\t\t\t\t<\/div>\n\t\t\t\t\t<\/div>\n\t\t<\/div>\n\t\t\t\t<div class=\"elementor-column elementor-col-50 elementor-inner-column elementor-element elementor-element-c491311\" data-id=\"c491311\" data-element_type=\"column\">\n\t\t\t<div class=\"elementor-widget-wrap elementor-element-populated\">\n\t\t\t\t\t\t<div class=\"elementor-element elementor-element-933be77 elementor-widget elementor-widget-heading\" data-id=\"933be77\" data-element_type=\"widget\" data-widget_type=\"heading.default\">\n\t\t\t\t<div class=\"elementor-widget-container\">\n\t\t\t<h2 class=\"elementor-heading-title elementor-size-default\">Sizinle \u0130lgilenen Yetenekli Profesyoneller\u200b<\/h2>\t\t<\/div>\n\t\t\t\t<\/div>\n\t\t\t\t<div class=\"elementor-element elementor-element-187d6a9 elementor-widget__width-initial elementor-widget elementor-widget-text-editor\" data-id=\"187d6a9\" data-element_type=\"widget\" data-widget_type=\"text-editor.default\">\n\t\t\t\t<div class=\"elementor-widget-container\">\n\t\t\t\t\t\t\t<div class=\"elementor-element elementor-element-377c2a1 elementor-vertical-align-top elementor-widget elementor-widget-image-box\" data-id=\"377c2a1\" data-element_type=\"widget\" data-widget_type=\"image-box.default\"><div class=\"elementor-widget-container\"><div class=\"elementor-image-box-wrapper\"><div class=\"elementor-image-box-content\"><div class=\"elementor-element elementor-element-377c2a1 elementor-vertical-align-top elementor-widget elementor-widget-image-box\" data-id=\"377c2a1\" data-element_type=\"widget\" data-widget_type=\"image-box.default\"><div class=\"elementor-widget-container\"><div class=\"elementor-image-box-wrapper\"><div class=\"elementor-image-box-content\"><p class=\"elementor-image-box-description\">Herkesin do\u011fal olarak g\u00fczel ve benzersiz oldu\u011funa inan\u0131yoruz, ancak \u00e7o\u011fu insan\u0131n hayatlar\u0131nda geri tutan g\u00fcvensizlikleri oldu\u011funu da anl\u0131yoruz.<\/p><\/div><\/div><\/div><\/div><\/div><\/div><\/div><\/div>\t\t\t\t\t\t<\/div>\n\t\t\t\t<\/div>\n\t\t\t\t\t<\/div>\n\t\t<\/div>\n\t\t\t\t\t<\/div>\n\t\t<\/section>\n\t\t\t\t\t<\/div>\n\t\t<\/div>\n\t\t\t\t\t<\/div>\n\t\t<\/section>\n\t\t\t\t<\/div>\n\t\t","protected":false},"excerpt":{"rendered":"<p>Hakk\u0131m\u0131zda Sizin \u0130\u00e7in Buraday\u0131z\u200b Yetenekli ve deneyimli t\u0131p doktorlar\u0131 ekibimiz, t\u0131bbi teknolojinin geli\u015fmelerini ve uzmanl\u0131\u011f\u0131m\u0131z\u0131 birle\u015ftirerek size hayalinizdeki g\u00f6r\u00fcn\u00fcm\u00fc sunmaktad\u0131r. \u00c7e\u015fitli hizmetler ve benzersiz bir tedavi deneyimi sa\u011flamay\u0131 ama\u00e7l\u0131yoruz, bu da \u00f6zg\u00fcveninizi art\u0131rman\u0131za ve en iyi hissetmenize yard\u0131mc\u0131 olacakt\u0131r. Safir FUE ve DHI Pen Tekni\u011fi gibi y\u00f6ntemlere ek olarak, sadece klini\u011fimizde uygulanan Hibrit Sa\u00e7 Nakli [&hellip;]<\/p>\n","protected":false},"author":1,"featured_media":0,"parent":0,"menu_order":0,"comment_status":"closed","ping_status":"closed","template":"","meta":{"footnotes":""},"class_list":["post-15134","page","type-page","status-publish","hentry"],"aioseo_notices":[],"_links":{"self":[{"href":"https:\/\/drkaya.net\/tr\/wp-json\/wp\/v2\/pages\/15134","targetHints":{"allow":["GET"]}}],"collection":[{"href":"https:\/\/drkaya.net\/tr\/wp-json\/wp\/v2\/pages"}],"about":[{"href":"https:\/\/drkaya.net\/tr\/wp-json\/wp\/v2\/types\/page"}],"author":[{"embeddable":true,"href":"https:\/\/drkaya.net\/tr\/wp-json\/wp\/v2\/users\/1"}],"replies":[{"embeddable":true,"href":"https:\/\/drkaya.net\/tr\/wp-json\/wp\/v2\/comments?post=15134"}],"version-history":[{"count":4,"href":"https:\/\/drkaya.net\/tr\/wp-json\/wp\/v2\/pages\/15134\/revisions"}],"predecessor-version":[{"id":15151,"href":"https:\/\/drkaya.net\/tr\/wp-json\/wp\/v2\/pages\/15134\/revisions\/15151"}],"wp:attachment":[{"href":"https:\/\/drkaya.net\/tr\/wp-json\/wp\/v2\/media?parent=15134"}],"curies":[{"name":"wp","href":"https:\/\/api.w.org\/{rel}","templated":true}]}}