{"id":15554,"date":"2023-10-12T05:58:28","date_gmt":"2023-10-12T05:58:28","guid":{"rendered":"https:\/\/drkaya.net\/?page_id=15554"},"modified":"2024-05-09T22:38:50","modified_gmt":"2024-05-09T22:38:50","slug":"cerez-politikasi","status":"publish","type":"page","link":"https:\/\/drkaya.net\/tr\/cerez-politikasi\/","title":{"rendered":"\u00c7erez Politikas\u0131"},"content":{"rendered":"\t\t<div data-elementor-type=\"wp-page\" data-elementor-id=\"15554\" class=\"elementor elementor-15554 elementor-13833\">\n\t\t\t\t\t\t<section class=\"elementor-section elementor-top-section elementor-element elementor-element-b73a18f elementor-section-stretched elementor-section-content-middle elementor-section-boxed elementor-section-height-default elementor-section-height-default\" data-id=\"b73a18f\" data-element_type=\"section\" data-settings=\"{&quot;stretch_section&quot;:&quot;section-stretched&quot;,&quot;background_background&quot;:&quot;classic&quot;}\">\n\t\t\t\t\t\t\t<div class=\"elementor-background-overlay\"><\/div>\n\t\t\t\t\t\t\t<div class=\"elementor-container elementor-column-gap-default\">\n\t\t\t\t\t<div class=\"elementor-column elementor-col-100 elementor-top-column elementor-element elementor-element-bc898ed\" data-id=\"bc898ed\" data-element_type=\"column\">\n\t\t\t<div class=\"elementor-widget-wrap elementor-element-populated\">\n\t\t\t\t\t\t<div class=\"elementor-element elementor-element-8d55e30 elementor-widget__width-inherit elementor-widget elementor-widget-heading\" data-id=\"8d55e30\" data-element_type=\"widget\" data-widget_type=\"heading.default\">\n\t\t\t\t<div class=\"elementor-widget-container\">\n\t\t\t<style>\/*! elementor - v3.19.0 - 29-01-2024 *\/\n.elementor-heading-title{padding:0;margin:0;line-height:1}.elementor-widget-heading .elementor-heading-title[class*=elementor-size-]>a{color:inherit;font-size:inherit;line-height:inherit}.elementor-widget-heading .elementor-heading-title.elementor-size-small{font-size:15px}.elementor-widget-heading .elementor-heading-title.elementor-size-medium{font-size:19px}.elementor-widget-heading .elementor-heading-title.elementor-size-large{font-size:29px}.elementor-widget-heading .elementor-heading-title.elementor-size-xl{font-size:39px}.elementor-widget-heading .elementor-heading-title.elementor-size-xxl{font-size:59px}<\/style><h1 class=\"elementor-heading-title elementor-size-default\">\u00c7erez Politikas\u0131<\/h1>\t\t<\/div>\n\t\t\t\t<\/div>\n\t\t\t\t\t<\/div>\n\t\t<\/div>\n\t\t\t\t\t<\/div>\n\t\t<\/section>\n\t\t\t\t<section class=\"elementor-section elementor-top-section elementor-element elementor-element-23393079 elementor-section-content-middle elementor-section-full_width elementor-section-stretched elementor-section-height-default elementor-section-height-default\" data-id=\"23393079\" data-element_type=\"section\" data-settings=\"{&quot;stretch_section&quot;:&quot;section-stretched&quot;,&quot;background_background&quot;:&quot;classic&quot;}\">\n\t\t\t\t\t\t<div class=\"elementor-container elementor-column-gap-default\">\n\t\t\t\t\t<div class=\"elementor-column elementor-col-100 elementor-top-column elementor-element elementor-element-6d06ffd0\" data-id=\"6d06ffd0\" data-element_type=\"column\">\n\t\t\t<div class=\"elementor-widget-wrap elementor-element-populated\">\n\t\t\t\t\t\t<section class=\"elementor-section elementor-inner-section elementor-element elementor-element-3ae9e114 elementor-section-content-middle elementor-section-boxed elementor-section-height-default elementor-section-height-default\" data-id=\"3ae9e114\" data-element_type=\"section\">\n\t\t\t\t\t\t<div class=\"elementor-container elementor-column-gap-no\">\n\t\t\t\t\t<div class=\"elementor-column elementor-col-100 elementor-inner-column elementor-element elementor-element-2a08b909\" data-id=\"2a08b909\" data-element_type=\"column\">\n\t\t\t<div class=\"elementor-widget-wrap elementor-element-populated\">\n\t\t\t\t\t\t<div class=\"elementor-element elementor-element-6a3da2d7 elementor-widget elementor-widget-heading\" data-id=\"6a3da2d7\" data-element_type=\"widget\" data-widget_type=\"heading.default\">\n\t\t\t\t<div class=\"elementor-widget-container\">\n\t\t\t<h2 class=\"elementor-heading-title elementor-size-default\"><p align=\"center\" style=\"margin-bottom: 5pt; background-image: initial; background-position: initial; background-size: initial; background-repeat: initial; background-attachment: initial; background-origin: initial; background-clip: initial;\"><font color=\"#535353\" face=\"Arial Narrow, sans-serif\"><span style=\"white-space-collapse: collapse;\"><b>DRKAYA SA\u00c7 TEDAV\u0130 KL\u0130N\u0130\u011e\u0130<\/b><\/span><\/font><\/p><p align=\"center\" style=\"margin-bottom: 5pt; background-image: initial; background-position: initial; background-size: initial; background-repeat: initial; background-attachment: initial; background-origin: initial; background-clip: initial;\"><font color=\"#535353\" face=\"Arial Narrow, sans-serif\"><span style=\"white-space-collapse: collapse;\"><b>&nbsp; \u00c7erez Politikas\u0131<\/b><\/span><\/font><\/p><\/h2>\t\t<\/div>\n\t\t\t\t<\/div>\n\t\t\t\t<div class=\"elementor-element elementor-element-52dfe33d elementor-widget__width-initial elementor-widget elementor-widget-text-editor\" data-id=\"52dfe33d\" data-element_type=\"widget\" data-widget_type=\"text-editor.default\">\n\t\t\t\t<div class=\"elementor-widget-container\">\n\t\t\t<style>\/*! elementor - v3.19.0 - 29-01-2024 *\/\n.elementor-widget-text-editor.elementor-drop-cap-view-stacked .elementor-drop-cap{background-color:#69727d;color:#fff}.elementor-widget-text-editor.elementor-drop-cap-view-framed .elementor-drop-cap{color:#69727d;border:3px solid;background-color:transparent}.elementor-widget-text-editor:not(.elementor-drop-cap-view-default) .elementor-drop-cap{margin-top:8px}.elementor-widget-text-editor:not(.elementor-drop-cap-view-default) .elementor-drop-cap-letter{width:1em;height:1em}.elementor-widget-text-editor .elementor-drop-cap{float:left;text-align:center;line-height:1;font-size:50px}.elementor-widget-text-editor .elementor-drop-cap-letter{display:inline-block}<\/style>\t\t\t\t<p>Toplanan \u00e7erezler, bir web sitesinde gezinmeniz hakk\u0131nda veri toplayan k\u00fc\u00e7\u00fck bir metin dosyas\u0131d\u0131r; ve PC&#8217;nizde, telefonunuzda veya di\u011fer cihaz\u0131n\u0131zda depolar.<\/p><p>\u00c7erez Politikas\u0131n\u0131n Amac\u0131; Bir web sitesinin d\u00fczg\u00fcn \u00e7al\u0131\u015fmas\u0131n\u0131 sa\u011flamak, kullan\u0131c\u0131 deneyimini iyile\u015ftirmek, siteyi geli\u015ftirmek ve optimize etmek, daha uygun, ilgi alan\u0131na dayal\u0131 reklam sunmak, ziyaret\u00e7ilere ilgi \u00e7ekici ve ki\u015fiselle\u015ftirilmi\u015f bir web sitesi\/uygulama ve reklam portf\u00f6y\u00fc sunmak. \u00c7erez ayn\u0131 zamanda sitemizi ziyaretiniz s\u0131ras\u0131nda ve sonraki ziyaretlerinizde tercihlerinizi (dil, \u00fclke vb.) hat\u0131rlamak i\u00e7in de kullan\u0131l\u0131r.<\/p><p>\u0130\u015fbu Politika uyar\u0131nca www.drkaya.net internet sitesi taraf\u0131ndan ana bilgi depolama y\u00f6ntemi olarak kullan\u0131lan &#8220;\u00c7erezler&#8221; ile taray\u0131c\u0131n\u0131n &#8220;Yerel Depolama&#8221; alan\u0131 ayn\u0131 ama\u00e7la kullan\u0131lmaktad\u0131r. Bu b\u00f6l\u00fcmde yer alan t\u00fcm bilgiler yukar\u0131da belirtilen &#8220;Yerel Depolama&#8221; i\u00e7in de ge\u00e7erlidir. Kulland\u0131\u011f\u0131m\u0131z \u00c7erezlerde adresiniz, \u015fifreniz, kredi veya banka kart\u0131 bilgileriniz gibi hassas ki\u015fisel bilgileri saklamay\u0131z.<\/p><p>Web sitesinde \u00c7erez kullan\u0131m\u0131ndan ka\u00e7\u0131nma hakk\u0131<\/p><p>\u00a0<\/p><p>www.drkaya.net web sitesinde \u00c7erez kullanmak istemiyorsan\u0131z, yukar\u0131da a\u00e7\u0131klanan s\u0131n\u0131rlamalar\u0131 dikkate alarak \u00f6ncelikle taray\u0131c\u0131n\u0131zda \u00c7erez kullan\u0131m\u0131n\u0131 devre d\u0131\u015f\u0131 b\u0131rakman\u0131z ve ard\u0131ndan web sitesiyle ili\u015fkili olarak taray\u0131c\u0131n\u0131za kaydedilen \u00c7erezleri silmeniz gerekir. \u00c7erez kullan\u0131m\u0131n\u0131 engellemek i\u00e7in bu se\u00e7ene\u011fi diledi\u011finiz zaman kullanabilirsiniz.<\/p><p>\u00c7erezlerin kullan\u0131m\u0131n\u0131n devre d\u0131\u015f\u0131 b\u0131rak\u0131lmas\u0131<\/p><p>\u00a0<\/p><p>Yukar\u0131da belirtilen ad\u0131mlar\u0131 takip ederek diledi\u011finiz zaman taray\u0131c\u0131n\u0131z\u0131n ayarlar\u0131n\u0131 de\u011fi\u015ftirebilir, www.drkaya.net sitesinde kullan\u0131lan \u00c7erezleri k\u0131s\u0131tlayabilir, engelleyebilir veya silebilirsiniz. Her taray\u0131c\u0131da ayarlar farkl\u0131 olsa da \u00c7erezler genellikle &#8220;Tercihler&#8221; veya &#8220;Ara\u00e7lar&#8221; men\u00fcs\u00fcnde bulunur. Taray\u0131c\u0131n\u0131zda \u00c7erezleri ayarlama hakk\u0131nda daha fazla bilgi i\u00e7in taray\u0131c\u0131n\u0131z\u0131n &#8220;Yard\u0131m&#8221; men\u00fcs\u00fcne bak\u0131n.<\/p><p>\u00c7erezlere ili\u015fkin olarak DRKAYA Sa\u00e7 Tedavileri Klini\u011fi, teknik bir ileti\u015fim dosyas\u0131 olan \u00e7erezleri kullanarak ziyaret\u00e7ilerinin Platform kullan\u0131m\u0131 hakk\u0131nda bilgi alabilecek ve bu kapsamdaki verileri i\u015fleyebilecek ve bu kapsamda i\u015fleme amac\u0131na y\u00f6nelik olarak i\u015fleyebilecektir. \u00dc\u00e7\u00fcnc\u00fc \u015fah\u0131slar taraf\u0131ndan sunulan analiz hizmetlerinden yaln\u0131zca bu analiz hizmetlerinin gerektirdi\u011fi \u00f6l\u00e7\u00fcde yararlan\u0131labilir. insanlara iletilebilir. S\u00f6z konusu teknik ileti\u015fim dosyalar\u0131, ana bellekte saklanmak \u00fczere Site&#8217;nin kullan\u0131c\u0131lar\u0131n taray\u0131c\u0131s\u0131na (browser) g\u00f6nderdi\u011fi k\u00fc\u00e7\u00fck metin dosyalar\u0131d\u0131r. Teknik ileti\u015fim dosyas\u0131, bir internet sitesine ili\u015fkin durum ve tercih ayarlar\u0131n\u0131 saklayarak internetin kullan\u0131m\u0131n\u0131 kolayla\u015ft\u0131r\u0131r. Teknik ileti\u015fim dosyas\u0131, Platform&#8217;u zamansal olarak ka\u00e7 ki\u015finin kulland\u0131\u011f\u0131, bir ki\u015finin Platform&#8217;u hangi ama\u00e7la, ka\u00e7 kez ziyaret etti\u011fi ve ne kadar kald\u0131\u011f\u0131 hakk\u0131nda istatistiksel bilgi elde etmek ve \u00f6zel tasarlanm\u0131\u015f platformlardan dinamik olarak reklam ve i\u00e7erik \u00fcretilmesine yard\u0131mc\u0131 olmak amac\u0131yla kullan\u0131l\u0131r. Kullan\u0131c\u0131lar i\u00e7in kullan\u0131c\u0131 sayfalar\u0131. Bu ama\u00e7lar i\u00e7in tasarlanm\u0131\u015f ve kullan\u0131lmaktad\u0131r. Teknik ileti\u015fim dosyas\u0131, ana bellekten ba\u015fkaca herhangi bir ki\u015fisel veriyi almak amac\u0131yla tasarlanmam\u0131\u015ft\u0131r. Taray\u0131c\u0131lar\u0131n pek \u00e7o\u011fu ba\u015flang\u0131\u00e7ta teknik ileti\u015fim dosyalar\u0131n\u0131 kabul edecek \u015fekilde tasarlanm\u0131\u015ft\u0131r ancak kullan\u0131c\u0131lar diledikleri zaman yukar\u0131da da belirtti\u011fimiz gibi taray\u0131c\u0131 ayarlar\u0131n\u0131 de\u011fi\u015ftirerek teknik ileti\u015fim dosyas\u0131n\u0131n gelmemesini veya teknik ileti\u015fim dosyas\u0131 g\u00f6nderildi\u011finde uyar\u0131 verilmesini sa\u011flayabilirler. DRKAYA Sa\u00e7 Tedavileri Klini\u011fi, sistemle ilgili sorunlar\u0131n tespit edilmesi ve sorunlar\u0131n an\u0131nda \u00e7\u00f6z\u00fclmesi amac\u0131yla gerekti\u011finde kullan\u0131c\u0131lar\u0131n IP adresini tespit edip kullanabilecektir. IP adresleri ayr\u0131ca kullan\u0131c\u0131lar\u0131 genel olarak tan\u0131mlamak ve kapsaml\u0131 demografik bilgiler toplamak i\u00e7in de kullan\u0131labilir.<\/p>\t\t\t\t\t\t<\/div>\n\t\t\t\t<\/div>\n\t\t\t\t\t<\/div>\n\t\t<\/div>\n\t\t\t\t\t<\/div>\n\t\t<\/section>\n\t\t\t\t\t<\/div>\n\t\t<\/div>\n\t\t\t\t\t<\/div>\n\t\t<\/section>\n\t\t\t\t<\/div>\n\t\t","protected":false},"excerpt":{"rendered":"<p>\u00c7erez Politikas\u0131 DRKAYA SA\u00c7 TEDAV\u0130 KL\u0130N\u0130\u011e\u0130 &nbsp; \u00c7erez Politikas\u0131 Toplanan \u00e7erezler, bir web sitesinde gezinmeniz hakk\u0131nda veri toplayan k\u00fc\u00e7\u00fck bir metin dosyas\u0131d\u0131r; ve PC&#8217;nizde, telefonunuzda veya di\u011fer cihaz\u0131n\u0131zda depolar. \u00c7erez Politikas\u0131n\u0131n Amac\u0131; Bir web sitesinin d\u00fczg\u00fcn \u00e7al\u0131\u015fmas\u0131n\u0131 sa\u011flamak, kullan\u0131c\u0131 deneyimini iyile\u015ftirmek, siteyi geli\u015ftirmek ve optimize etmek, daha uygun, ilgi alan\u0131na dayal\u0131 reklam sunmak, ziyaret\u00e7ilere ilgi [&hellip;]<\/p>\n","protected":false},"author":1,"featured_media":0,"parent":0,"menu_order":0,"comment_status":"closed","ping_status":"closed","template":"","meta":{"footnotes":""},"class_list":["post-15554","page","type-page","status-publish","hentry"],"aioseo_notices":[],"_links":{"self":[{"href":"https:\/\/drkaya.net\/tr\/wp-json\/wp\/v2\/pages\/15554","targetHints":{"allow":["GET"]}}],"collection":[{"href":"https:\/\/drkaya.net\/tr\/wp-json\/wp\/v2\/pages"}],"about":[{"href":"https:\/\/drkaya.net\/tr\/wp-json\/wp\/v2\/types\/page"}],"author":[{"embeddable":true,"href":"https:\/\/drkaya.net\/tr\/wp-json\/wp\/v2\/users\/1"}],"replies":[{"embeddable":true,"href":"https:\/\/drkaya.net\/tr\/wp-json\/wp\/v2\/comments?post=15554"}],"version-history":[{"count":8,"href":"https:\/\/drkaya.net\/tr\/wp-json\/wp\/v2\/pages\/15554\/revisions"}],"predecessor-version":[{"id":15567,"href":"https:\/\/drkaya.net\/tr\/wp-json\/wp\/v2\/pages\/15554\/revisions\/15567"}],"wp:attachment":[{"href":"https:\/\/drkaya.net\/tr\/wp-json\/wp\/v2\/media?parent=15554"}],"curies":[{"name":"wp","href":"https:\/\/api.w.org\/{rel}","templated":true}]}}