{"id":15684,"date":"2023-09-21T12:40:49","date_gmt":"2023-09-21T12:40:49","guid":{"rendered":"https:\/\/drkaya.net\/?page_id=15684"},"modified":"2024-05-10T01:41:52","modified_gmt":"2024-05-10T01:41:52","slug":"kisisel-verilerin-korunmasi","status":"publish","type":"page","link":"https:\/\/drkaya.net\/tr\/kisisel-verilerin-korunmasi\/","title":{"rendered":"Ki\u015fisel Verilerin Korunmas\u0131"},"content":{"rendered":"\t\t<div data-elementor-type=\"wp-page\" data-elementor-id=\"15684\" class=\"elementor elementor-15684 elementor-13791\">\n\t\t\t\t\t\t<section class=\"elementor-section elementor-top-section elementor-element elementor-element-b73a18f elementor-section-stretched elementor-section-content-middle elementor-section-boxed elementor-section-height-default elementor-section-height-default\" data-id=\"b73a18f\" data-element_type=\"section\" data-settings=\"{&quot;stretch_section&quot;:&quot;section-stretched&quot;,&quot;background_background&quot;:&quot;classic&quot;}\">\n\t\t\t\t\t\t\t<div class=\"elementor-background-overlay\"><\/div>\n\t\t\t\t\t\t\t<div class=\"elementor-container elementor-column-gap-default\">\n\t\t\t\t\t<div class=\"elementor-column elementor-col-100 elementor-top-column elementor-element elementor-element-bc898ed\" data-id=\"bc898ed\" data-element_type=\"column\">\n\t\t\t<div class=\"elementor-widget-wrap elementor-element-populated\">\n\t\t\t\t\t\t<div class=\"elementor-element elementor-element-8d55e30 elementor-widget__width-inherit elementor-widget elementor-widget-heading\" data-id=\"8d55e30\" data-element_type=\"widget\" data-widget_type=\"heading.default\">\n\t\t\t\t<div class=\"elementor-widget-container\">\n\t\t\t<style>\/*! elementor - v3.19.0 - 29-01-2024 *\/\n.elementor-heading-title{padding:0;margin:0;line-height:1}.elementor-widget-heading .elementor-heading-title[class*=elementor-size-]>a{color:inherit;font-size:inherit;line-height:inherit}.elementor-widget-heading .elementor-heading-title.elementor-size-small{font-size:15px}.elementor-widget-heading .elementor-heading-title.elementor-size-medium{font-size:19px}.elementor-widget-heading .elementor-heading-title.elementor-size-large{font-size:29px}.elementor-widget-heading .elementor-heading-title.elementor-size-xl{font-size:39px}.elementor-widget-heading .elementor-heading-title.elementor-size-xxl{font-size:59px}<\/style><h1 class=\"elementor-heading-title elementor-size-default\">Ki\u015fisel Verilerin Korunmas\u0131<\/h1>\t\t<\/div>\n\t\t\t\t<\/div>\n\t\t\t\t\t<\/div>\n\t\t<\/div>\n\t\t\t\t\t<\/div>\n\t\t<\/section>\n\t\t\t\t<section class=\"elementor-section elementor-top-section elementor-element elementor-element-23393079 elementor-section-content-middle elementor-section-full_width elementor-section-stretched elementor-section-height-default elementor-section-height-default\" data-id=\"23393079\" data-element_type=\"section\" data-settings=\"{&quot;stretch_section&quot;:&quot;section-stretched&quot;,&quot;background_background&quot;:&quot;classic&quot;}\">\n\t\t\t\t\t\t<div class=\"elementor-container elementor-column-gap-default\">\n\t\t\t\t\t<div class=\"elementor-column elementor-col-100 elementor-top-column elementor-element elementor-element-6d06ffd0\" data-id=\"6d06ffd0\" data-element_type=\"column\">\n\t\t\t<div class=\"elementor-widget-wrap elementor-element-populated\">\n\t\t\t\t\t\t<section class=\"elementor-section elementor-inner-section elementor-element elementor-element-3ae9e114 elementor-section-content-middle elementor-section-boxed elementor-section-height-default elementor-section-height-default\" data-id=\"3ae9e114\" data-element_type=\"section\">\n\t\t\t\t\t\t<div class=\"elementor-container elementor-column-gap-no\">\n\t\t\t\t\t<div class=\"elementor-column elementor-col-100 elementor-inner-column elementor-element elementor-element-2a08b909\" data-id=\"2a08b909\" data-element_type=\"column\">\n\t\t\t<div class=\"elementor-widget-wrap elementor-element-populated\">\n\t\t\t\t\t\t<div class=\"elementor-element elementor-element-6a3da2d7 elementor-widget elementor-widget-heading\" data-id=\"6a3da2d7\" data-element_type=\"widget\" data-widget_type=\"heading.default\">\n\t\t\t\t<div class=\"elementor-widget-container\">\n\t\t\t<h2 class=\"elementor-heading-title elementor-size-default\">Ki\u015fisel Verilerin Korunmas\u0131 Kanunu Ayd\u0131nlatma Metni<\/h2>\t\t<\/div>\n\t\t\t\t<\/div>\n\t\t\t\t<div class=\"elementor-element elementor-element-52dfe33d elementor-widget__width-initial elementor-widget elementor-widget-text-editor\" data-id=\"52dfe33d\" data-element_type=\"widget\" data-widget_type=\"text-editor.default\">\n\t\t\t\t<div class=\"elementor-widget-container\">\n\t\t\t<style>\/*! elementor - v3.19.0 - 29-01-2024 *\/\n.elementor-widget-text-editor.elementor-drop-cap-view-stacked .elementor-drop-cap{background-color:#69727d;color:#fff}.elementor-widget-text-editor.elementor-drop-cap-view-framed .elementor-drop-cap{color:#69727d;border:3px solid;background-color:transparent}.elementor-widget-text-editor:not(.elementor-drop-cap-view-default) .elementor-drop-cap{margin-top:8px}.elementor-widget-text-editor:not(.elementor-drop-cap-view-default) .elementor-drop-cap-letter{width:1em;height:1em}.elementor-widget-text-editor .elementor-drop-cap{float:left;text-align:center;line-height:1;font-size:50px}.elementor-widget-text-editor .elementor-drop-cap-letter{display:inline-block}<\/style>\t\t\t\t<div data-id=\"18d07137\" data-element_type=\"widget\" data-widget_type=\"heading.default\"><b>TANIMLAR<\/b><p>Bahsedilen bu ayd\u0131nlanma belgesinde oldu\u011fu gibi bu a\u00e7\u0131klamalara i\u015faret etmektedir.<\/p><p><strong>Ki\u015fisel Veri:<\/strong> Kimli\u011fi belirli veya belirlenebilir ger\u00e7ek ki\u015fiye ili\u015fkin her t\u00fcrl\u00fc bilgi.<\/p><p><strong>Ki\u015fisel Verilerin Korunmas\u0131 Kanunu (\u201cKVKK\u201d): <\/strong>6698 say\u0131l\u0131 Ki\u015fisel Verilerin Korunmas\u0131 Kanunu 7 Nisan 2016 tarihinde Resmi Gazete&#8217;de yay\u0131mlanarak y\u00fcr\u00fcrl\u00fc\u011fe girdi.<\/p><p><strong>DRKAYA Sa\u00e7 Tedavileri Klini\u011fi<\/strong>: Atak\u00f6y 7-8-9-10 Mah.&#8217;de bulunan DRKAYA Sa\u00e7 Tedavileri Klini\u011fi. Karanfil Sokak 8\/D no:50 Bak\u0131rk\u00f6y \u0130stanbul T\u00fcrkiye.<\/p><p><strong>Veri \u0130\u015fleyici:<\/strong> Veri sorumlusunun verdi\u011fi yetkiye dayanarak veri sorumlusu ad\u0131na Ki\u015fisel Verileri i\u015fleyen ger\u00e7ek veya t\u00fczel ki\u015fi.<\/p><p><strong>Veri Sorumlusu:<\/strong> Ki\u015fisel Verilerin i\u015flenme ama\u00e7lar\u0131n\u0131 ve vas\u0131talar\u0131n\u0131 belirleyen, veri kay\u0131t sisteminin kurulmas\u0131ndan ve y\u00f6netilmesinden sorumlu olan ger\u00e7ek veya t\u00fczel ki\u015fi.<\/p><p><strong>Veri Sorumlusu:<\/strong> KVKK uyar\u0131nca muhatap, hasta, m\u00fc\u015fteri olarak payla\u015ft\u0131\u011f\u0131n\u0131z ki\u015fisel verilerinizi; Veri sorumlusu olarak belirlenen \u201cDRKAYA t\u00fczel ki\u015fili\u011fi\u201d taraf\u0131ndan a\u015fa\u011f\u0131da belirtilen kapsamda de\u011ferlendirilecektir.<\/p><p><strong>Ki\u015fisel Verilerin \u0130\u015flenme Amac\u0131:<\/strong> KVKK\u2019n\u0131n 4, 5 ve 6. maddeleri uyar\u0131nca ki\u015fisel verileriniz.<\/p><ul><li>Hukuka ve d\u00fcr\u00fcstl\u00fck kurallar\u0131na uygun<\/li><li>Do\u011fru ve gerekti\u011finde g\u00fcncel<\/li><li>Belirli, a\u00e7\u0131k ve me\u015fru ama\u00e7lar i\u00e7in<\/li><li>\u0130\u015flendikleri ama\u00e7la ilgili, s\u0131n\u0131rl\u0131 ve \u00f6l\u00e7\u00fcl\u00fc olma<\/li><li>\u0130lgili mevzuatta \u00f6ng\u00f6r\u00fclen veya i\u015flendikleri ama\u00e7 i\u00e7in gerekli olan s\u00fcre kadar muhafaza edilir.<\/li><\/ul><p>DRKAYA&#8217;n\u0131n a\u015fa\u011f\u0131daki faaliyetleriyle ba\u011flant\u0131l\u0131 olarak yukar\u0131daki kurallara uygun olarak i\u015flenecektir.<\/p><p><strong>DRKAYA Sa\u00e7 Tedavileri Klini\u011fi Faaliyetleri:<\/strong><\/p><ul><li><p>Her t\u00fcrl\u00fc sa\u011fl\u0131k hizmetini vermek \u00fczere \u00f6zel hastane, poliklinik, dispanser, laboratuvar, sa\u00e7 ekim merkezi, sa\u011fl\u0131k ocak ve tesisleri, sa\u011fl\u0131k kabinleri, do\u011fumevleri, di\u015f (a\u011f\u0131z sa\u011fl\u0131\u011f\u0131) ve protez tedavi merkezleri kurmak ve i\u015fletmek.<\/p><\/li><li><p>Hastane b\u00fcnyesinde insan sa\u011fl\u0131\u011f\u0131na hizmet edecek tan\u0131 ve tedavi merkezleri, fizik tedavi ve rehabilitasyon \u00fcniteleri a\u00e7mak, check-up merkezleri kurmak ve i\u015fletmek.<\/p><\/li><li><p>Her t\u00fcrl\u00fc t\u0131bbi yard\u0131m, muayene, sa\u011fl\u0131k ve t\u0131bbi hizmetleri sa\u011flamak ve organizasyonunu sa\u011flamak. Alan\u0131nda uzman personel \u00e7al\u0131\u015ft\u0131rmak.<\/p><\/li><li><p>Resmi kurumlardan gerekli izin al\u0131nmak kayd\u0131yla tomografi, bilgisayarl\u0131 tomografi ve sintigrafi \u00e7ekilmesi, kemik yo\u011funlu\u011fu \u00f6l\u00e7\u00fcm\u00fc, mamografi, t\u00fcm r\u00f6ntgen grafikleri, MR, eko \u00e7ekimi, ultrasonografi ve doppler, manyetik rezonans g\u00f6r\u00fcnt\u00fcleme, t\u00fcm endoskopi, radyoaktif malzeme ve malzemeler . her t\u00fcrl\u00fc t\u0131bbi te\u015fhis, muayene ve tahlilleri yapmak.<\/p><\/li><li><p>Fizik tedavi, onkoloji, hemodiyaliz ve t\u0131bbi rehabilitasyon \u00fcnitelerinin tesislerini kurmak, i\u015fletmek ve kiralamak.<\/p><\/li><li><p>T\u0131bbi analiz laboratuvarlar\u0131n\u0131n kurulmas\u0131 ve i\u015fletilmesi. A\u011f\u0131z ve di\u015f sa\u011fl\u0131\u011f\u0131 ile ilgili her t\u00fcrl\u00fc \u00f6zel hastane, yatakl\u0131 te\u015fhis ve tedavi merkezleri, di\u015f laboratuvarlar\u0131 ve ara\u015ft\u0131rma laboratuvarlar\u0131, klinikler ve poliklinikler kurmak, i\u015fletmek ve bu konuda kurulan tesisleri kiralamak.<\/p><\/li><li><p>Te\u015fhis ve tedavi amac\u0131yla yurt d\u0131\u015f\u0131ndaki firmalarla anla\u015fmalar yapmak, temsilcilik vermek ve almak, acentelik yapmak, konusuyla ilgili ihalelere kat\u0131lmak.<\/p><\/li><li><p>Faaliyetlerle ilgili ileti\u015fimin sa\u011flanmas\u0131 ve icras\u0131<\/p><\/li><\/ul><p><strong>Ki\u015fisel Verilerin Aktar\u0131lmas\u0131:<\/strong> KVKK\u2019n\u0131n 8. ve 9. maddeleri uyar\u0131nca, ki\u015fisel verileriniz \u00fc\u00e7\u00fcnc\u00fc ki\u015filere (program orta\u011f\u0131, i\u015f birli\u011fi yap\u0131lan kurum, tedarik\u00e7i, ba\u011f\u0131\u015f\u00e7\u0131, klinik y\u00f6neticileri\/\u00e7al\u0131\u015fanlar\u0131, kanunen yetkili kamu kurum ve kurulu\u015flar\u0131, kanunen yetkili \u00f6zel ki\u015filer) aktar\u0131labilecektir. DRKAYA Sa\u00e7 Tedavileri Klini\u011fi&#8217;nin yukar\u0131da say\u0131lan ama\u00e7larla faaliyetlerini s\u00fcrd\u00fcrebilmesi i\u00e7in Ki\u015fisel Veri i\u015fleme \u015fartlar\u0131 ve ama\u00e7lar\u0131 kapsam\u0131nda gerekli g\u00f6r\u00fclen t\u00fczel ki\u015filer veya yabanc\u0131 \u00fclkeler).<\/p><p><strong>Ki\u015fisel Veri Toplama Y\u00f6ntemi:<\/strong> Ki\u015fisel verileriniz DRKAYA taraf\u0131ndan a\u015fa\u011f\u0131da belirtilen formlar arac\u0131l\u0131\u011f\u0131yla toplanabilecek, i\u015flenebilecek ve aktar\u0131labilecektir:<\/p><ul><li>Hasta anamnezi\/t\u0131bbi \u00f6yk\u00fc\/bilgi formlar\u0131<\/li><li>DRKAYA Web Siteleri \u0130leti\u015fim Formlar\u0131<\/li><li>DRKAYA Web Siteleri Kay\u0131t Formlar\u0131<\/li><li>Hasta Takip Formlar\u0131<\/li><li>Dan\u0131\u015fman Takip Formlar\u0131<\/li><li>Hasta Takip Ar\u015fiv Formlar\u0131<\/li><\/ul><p><strong>Ki\u015fisel Veri Sahibinin Haklar\u0131:<\/strong> KVKK&#8217;n\u0131n 11. maddesi uyar\u0131nca herkesin veri sorumlusuna ba\u015fvuru hakk\u0131 bulunmaktad\u0131r.<\/p><ol><li>Ki\u015fisel verilerinizin i\u015flenip i\u015flenmedi\u011fini \u00f6\u011frenme,<\/li><li>Ki\u015fisel verileri i\u015flenmi\u015fse buna ili\u015fkin bilgi talep etme,<\/li><li>Ki\u015fisel verilerin i\u015flenme amac\u0131n\u0131 ve bunlar\u0131n amac\u0131na uygun kullan\u0131l\u0131p<\/li><li>kullan\u0131lmad\u0131\u011f\u0131n\u0131 \u00f6\u011frenme,<\/li><li>Yurt i\u00e7inde veya yurt d\u0131\u015f\u0131nda ki\u015fisel verilerin aktar\u0131ld\u0131\u011f\u0131 \u00fc\u00e7\u00fcnc\u00fc ki\u015fileri bilme,<\/li><li>Ki\u015fisel verilerin eksik veya yanl\u0131\u015f i\u015flenmi\u015f olmas\u0131 h\u00e2linde bunlar\u0131n d\u00fczeltilmesini isteme,<\/li><li>KVKK\u2019n\u0131n 7. maddesinde \u00f6ng\u00f6r\u00fclen \u015fartlar \u00e7er\u00e7evesinde ki\u015fisel verilerin silinmesini veya yok edilmesini isteme, (d) ve (e) bentleri uyar\u0131nca yap\u0131lan i\u015flemlerin ki\u015fisel verilerin aktar\u0131ld\u0131\u011f\u0131 \u00fc\u00e7\u00fcnc\u00fc ki\u015filere bildirilmesini isteme,<\/li><li>\u0130\u015flenen verilerin m\u00fcnhas\u0131ran otomatik sistemler vas\u0131tas\u0131yla analiz edilmesi suretiyle ki\u015finin kendisi aleyhine bir sonucun ortaya \u00e7\u0131kmas\u0131na itiraz etme,<\/li><li>Ki\u015fisel verilerin kanuna ayk\u0131r\u0131 olarak i\u015flenmesi sebebiyle zarara u\u011framas\u0131 h\u00e2linde zarar\u0131n giderilmesini talep etme,<\/li><\/ol><p>Yukar\u0131da belirtilen haklar\u0131n\u0131zla ilgili olarak <strong>DRKAYA Sa\u00e7 Tedavileri Klini\u011fi<\/strong>&#8216;ne ba\u015fvurman\u0131z durumunda talebinizin niteli\u011fine g\u00f6re en ge\u00e7 <strong>30 (otuz) g\u00fcn<\/strong> i\u00e7erisinde \u00fccretsiz yan\u0131t verilecektir. Ba\u015fvurunuzu a\u00e7\u0131k ve anla\u015f\u0131l\u0131r bir \u015fekilde, kimlik ve adres bilgilerinizi tespit edici belgeleri ekleyerek, yaz\u0131l\u0131 ve \u0131slak imzal\u0131, elden veya posta yoluyla <strong>Atak\u00f6y 7-8-9-10 Mah. Karanfil Sokak 8\/D no: 50 Bak\u0131rk\u00f6y \u0130stanbul T\u00fcrkiye <\/strong>adresine ula\u015ft\u0131rmal\u0131s\u0131n\u0131z.<\/p><p>&#8230;&#8230;&#8230;&#8230;&#8230;&#8230;&#8230;&#8230;&#8230;&#8230;&#8230;&#8230;&#8230;&#8230;&#8230;&#8230;&#8230;&#8230;&#8230;&#8230;&#8230;&#8230;&#8230;&#8230;&#8230;&#8230;&#8230;&#8230;&#8230;&#8230;&#8230;&#8230;&#8230;&#8230;&#8230;&#8230;&#8230;&#8230;&#8230;&#8230;&#8230;&#8230;&#8230;&#8230;&#8230;&#8230;&#8230;&#8230;&#8230;&#8230;&#8230;&#8230;&#8230;&#8230;&#8230;&#8230;&#8230;&#8230;&#8230;&#8230;&#8230;&#8230;&#8230;&#8230;&#8230;&#8230;&#8230;&#8230;&#8230;&#8230;&#8230;&#8230;&#8230;&#8230;&#8230;&#8230;&#8230;&#8230;&#8230;&#8230;&#8230;<\/p><p>Yukar\u0131daki bo\u015flu\u011fa kendi el yaz\u0131n\u0131zla <strong>&#8220;OKUDU\u011eUMU ANLIYORUM ve ONAYLIYORUM&#8221;<\/strong> ifadesini yaz\u0131n\u0131z.<\/p><p><b>HASTA\u00a0 \u00a0 \u00a0 \u00a0 \u00a0 \u00a0 \u00a0 \u00a0 \u00a0 \u00a0 \u00a0 \u00a0 \u00a0 \u00a0 \u00a0 \u00a0 \u00a0 \u00a0 \u00a0 \u00a0 \u00a0 \u00a0 \u00a0 \u00a0 \u00a0 \u00a0 \u00a0 \u00a0 \u00a0 \u00a0 \u00a0 \u00a0 \u00a0 \u00a0 \u00a0 \u00a0 \u00a0 \u00a0 \u00a0 \u00a0 \u00a0 \u00a0 \u00a0 \u00a0 \u00a0 \u00a0 \u00a0 TAR\u0130H: &#8230;\/&#8230;\/&#8230;.<\/b><\/p><p><b>ADI SOYADI:\u00a0 \u00a0&#8230;&#8230;&#8230;&#8230;&#8230;&#8230;&#8230;&#8230;&#8230;&#8230;&#8230;&#8230;&#8230;&#8230;&#8230;&#8230;&#8230;&#8230;&#8230;&#8230;&#8230;<\/b><\/p><p><b>\u00a0<\/b><\/p><p><b>\u0130MZASI:\u00a0 \u00a0 \u00a0 \u00a0 \u00a0 \u00a0 \u00a0&#8230;&#8230;&#8230;&#8230;&#8230;&#8230;&#8230;&#8230;&#8230;&#8230;&#8230;&#8230;&#8230;&#8230;&#8230;&#8230;&#8230;&#8230;&#8230;&#8230;&#8230;\u00a0 \u00a0\u00a0<\/b><\/p><p><b>\u00a0<\/b><\/p><p><b>TELEFONU:\u00a0 \u00a0 \u00a0 &#8230;&#8230;&#8230;&#8230;&#8230;&#8230;&#8230;&#8230;&#8230;&#8230;&#8230;&#8230;&#8230;&#8230;&#8230;&#8230;&#8230;&#8230;&#8230;&#8230;&#8230;<\/b><\/p><p><b>\u00a0<\/b><\/p><p><b>E-POSTA:\u00a0 \u00a0 \u00a0 \u00a0 \u00a0 \u00a0&#8230;&#8230;&#8230;&#8230;&#8230;&#8230;&#8230;&#8230;&#8230;&#8230;&#8230;&#8230;&#8230;&#8230;&#8230;&#8230;&#8230;&#8230;&#8230;&#8230;&#8230;.<\/b><\/p><p><b>\u00a0<\/b><\/p><p><b>ADRES\u0130:\u00a0 \u00a0 \u00a0 \u00a0 \u00a0 \u00a0 \u00a0&#8230;&#8230;&#8230;&#8230;&#8230;&#8230;&#8230;&#8230;&#8230;&#8230;&#8230;&#8230;&#8230;&#8230;&#8230;&#8230;&#8230;&#8230;&#8230;&#8230;&#8230;<\/b><\/p><\/div>\t\t\t\t\t\t<\/div>\n\t\t\t\t<\/div>\n\t\t\t\t\t<\/div>\n\t\t<\/div>\n\t\t\t\t\t<\/div>\n\t\t<\/section>\n\t\t\t\t\t<\/div>\n\t\t<\/div>\n\t\t\t\t\t<\/div>\n\t\t<\/section>\n\t\t\t\t<\/div>\n\t\t","protected":false},"excerpt":{"rendered":"<p>Ki\u015fisel Verilerin Korunmas\u0131 Ki\u015fisel Verilerin Korunmas\u0131 Kanunu Ayd\u0131nlatma Metni TANIMLAR Bahsedilen bu ayd\u0131nlanma belgesinde oldu\u011fu gibi bu a\u00e7\u0131klamalara i\u015faret etmektedir. Ki\u015fisel Veri: Kimli\u011fi belirli veya belirlenebilir ger\u00e7ek ki\u015fiye ili\u015fkin her t\u00fcrl\u00fc bilgi. Ki\u015fisel Verilerin Korunmas\u0131 Kanunu (\u201cKVKK\u201d): 6698 say\u0131l\u0131 Ki\u015fisel Verilerin Korunmas\u0131 Kanunu 7 Nisan 2016 tarihinde Resmi Gazete&#8217;de yay\u0131mlanarak y\u00fcr\u00fcrl\u00fc\u011fe girdi. DRKAYA Sa\u00e7 Tedavileri [&hellip;]<\/p>\n","protected":false},"author":1,"featured_media":0,"parent":0,"menu_order":0,"comment_status":"closed","ping_status":"closed","template":"","meta":{"footnotes":""},"class_list":["post-15684","page","type-page","status-publish","hentry"],"aioseo_notices":[],"_links":{"self":[{"href":"https:\/\/drkaya.net\/tr\/wp-json\/wp\/v2\/pages\/15684","targetHints":{"allow":["GET"]}}],"collection":[{"href":"https:\/\/drkaya.net\/tr\/wp-json\/wp\/v2\/pages"}],"about":[{"href":"https:\/\/drkaya.net\/tr\/wp-json\/wp\/v2\/types\/page"}],"author":[{"embeddable":true,"href":"https:\/\/drkaya.net\/tr\/wp-json\/wp\/v2\/users\/1"}],"replies":[{"embeddable":true,"href":"https:\/\/drkaya.net\/tr\/wp-json\/wp\/v2\/comments?post=15684"}],"version-history":[{"count":8,"href":"https:\/\/drkaya.net\/tr\/wp-json\/wp\/v2\/pages\/15684\/revisions"}],"predecessor-version":[{"id":15876,"href":"https:\/\/drkaya.net\/tr\/wp-json\/wp\/v2\/pages\/15684\/revisions\/15876"}],"wp:attachment":[{"href":"https:\/\/drkaya.net\/tr\/wp-json\/wp\/v2\/media?parent=15684"}],"curies":[{"name":"wp","href":"https:\/\/api.w.org\/{rel}","templated":true}]}}